{"id":2930,"date":"2024-12-24T13:33:46","date_gmt":"2024-12-24T13:33:46","guid":{"rendered":"https:\/\/monatsem.com\/?post_type=product&#038;p=2930"},"modified":"2024-12-24T13:37:49","modified_gmt":"2024-12-24T13:37:49","slug":"enseignant-atsem-mieux-se-connaitre-pour-mieux-collaborer","status":"publish","type":"product","link":"https:\/\/monatsem.com\/?product=enseignant-atsem-mieux-se-connaitre-pour-mieux-collaborer","title":{"rendered":"Enseignant \u2013 ATSEM : Mieux se conna\u00eetre pour mieux collaborer"},"content":{"rendered":"<p><strong>Objectifs<\/strong><\/p>\n<p>\u00c0 l\u2019issue de cette formation :<\/p>\n<ul>\n<li>Vous serez capable de d\u00e9crire en d\u00e9tail le parcours, les missions et les exigences du minist\u00e8re de l\u2019\u00c9ducation nationale pour les professeurs des \u00e9coles.<\/li>\n<li>Vous pourrez expliquer le cadre de r\u00e9f\u00e9rence des ATSEM, ainsi que leur r\u00f4le et leur place dans le quotidien des \u00e9coles maternelles.<\/li>\n<li>Vous saurez adopter une posture constructive dans votre relation avec le professeur des \u00e9coles avec lequel vous collaborez chaque jour.<\/li>\n<\/ul>\n<p><strong>Public concern\u00e9 <\/strong><\/p>\n<p>ATSEM d\u00e9butants ou plus exp\u00e9riment\u00e9s, souhaitant actualiser leurs connaissances ou renforcer leurs comp\u00e9tences sur un enjeu professionnel, ATSEM pr\u00e9parant le concours, tout professionnel en lien avec les enseignements de l\u2019\u00e9cole maternelle<\/p>\n","protected":false},"excerpt":{"rendered":"<p>Bien travailler ensemble c\u2019est conna\u00eetre et reconna\u00eetre les comp\u00e9tences de chacun.<\/p>\n<p><strong>Pr\u00e9sentation de la formation<\/strong><\/p>\n<p>Dans ce module, vous d\u00e9couvrirez le parcours de formation des professeurs des \u00e9coles, leurs missions, ainsi que les exigences du minist\u00e8re de l\u2019\u00c9ducation nationale \u00e0 leur \u00e9gard. Vous approfondirez \u00e9galement votre compr\u00e9hension des textes relatifs au r\u00f4le et \u00e0 la place des ATSEM en classe de maternelle. En vous connaissant et reconnaissant dans vos fonctions, vous pourrez ainsi envisager la collaboration ATSEM-PE comme une alliance constructive entre deux professionnels de la petite enfance, visant \u00e0 offrir un accueil de qualit\u00e9 aux jeunes enfants.<\/p>\n","protected":false},"featured_media":2145,"comment_status":"open","ping_status":"closed","template":"","meta":{"ocean_post_layout":"full-width","ocean_both_sidebars_style":"","ocean_both_sidebars_content_width":0,"ocean_both_sidebars_sidebars_width":0,"ocean_sidebar":"woo_sidebar","ocean_second_sidebar":"0","ocean_disable_margins":"enable","ocean_add_body_class":"","ocean_shortcode_before_top_bar":"","ocean_shortcode_after_top_bar":"","ocean_shortcode_before_header":"","ocean_shortcode_after_header":"","ocean_has_shortcode":"","ocean_shortcode_after_title":"","ocean_shortcode_before_footer_widgets":"","ocean_shortcode_after_footer_widgets":"","ocean_shortcode_before_footer_bottom":"","ocean_shortcode_after_footer_bottom":"","ocean_display_top_bar":"default","ocean_display_header":"default","ocean_header_style":"","ocean_center_header_left_menu":"0","ocean_custom_header_template":"0","ocean_custom_logo":0,"ocean_custom_retina_logo":0,"ocean_custom_logo_max_width":0,"ocean_custom_logo_tablet_max_width":0,"ocean_custom_logo_mobile_max_width":0,"ocean_custom_logo_max_height":0,"ocean_custom_logo_tablet_max_height":0,"ocean_custom_logo_mobile_max_height":0,"ocean_header_custom_menu":"0","ocean_menu_typo_font_family":"0","ocean_menu_typo_font_subset":"","ocean_menu_typo_font_size":0,"ocean_menu_typo_font_size_tablet":0,"ocean_menu_typo_font_size_mobile":0,"ocean_menu_typo_font_size_unit":"px","ocean_menu_typo_font_weight":"","ocean_menu_typo_font_weight_tablet":"","ocean_menu_typo_font_weight_mobile":"","ocean_menu_typo_transform":"","ocean_menu_typo_transform_tablet":"","ocean_menu_typo_transform_mobile":"","ocean_menu_typo_line_height":0,"ocean_menu_typo_line_height_tablet":0,"ocean_menu_typo_line_height_mobile":0,"ocean_menu_typo_line_height_unit":"","ocean_menu_typo_spacing":0,"ocean_menu_typo_spacing_tablet":0,"ocean_menu_typo_spacing_mobile":0,"ocean_menu_typo_spacing_unit":"","ocean_menu_link_color":"","ocean_menu_link_color_hover":"","ocean_menu_link_color_active":"","ocean_menu_link_background":"","ocean_menu_link_hover_background":"","ocean_menu_link_active_background":"","ocean_menu_social_links_bg":"","ocean_menu_social_hover_links_bg":"","ocean_menu_social_links_color":"","ocean_menu_social_hover_links_color":"","ocean_disable_title":"on","ocean_disable_heading":"default","ocean_post_title":"","ocean_post_subheading":"","ocean_post_title_style":"","ocean_post_title_background_color":"","ocean_post_title_background":0,"ocean_post_title_bg_image_position":"","ocean_post_title_bg_image_attachment":"","ocean_post_title_bg_image_repeat":"","ocean_post_title_bg_image_size":"","ocean_post_title_height":0,"ocean_post_title_bg_overlay":0.5,"ocean_post_title_bg_overlay_color":"","ocean_disable_breadcrumbs":"on","ocean_breadcrumbs_color":"#e28252","ocean_breadcrumbs_separator_color":"","ocean_breadcrumbs_links_color":"","ocean_breadcrumbs_links_hover_color":"#a7c6a1","ocean_display_footer_widgets":"default","ocean_display_footer_bottom":"default","ocean_custom_footer_template":"0"},"product_brand":[],"product_cat":[67],"product_tag":[75],"class_list":{"0":"post-2930","1":"product","2":"type-product","3":"status-publish","4":"has-post-thumbnail","6":"product_cat-atsem_enseignants-familles","7":"product_tag-videoformation","9":"entry","10":"has-media","12":"first","13":"instock","14":"virtual","15":"purchasable","16":"product-type-simple","17":"has-product-nav","18":"col","19":"span_1_of_4","20":"owp-content-center","21":"owp-thumbs-layout-horizontal","22":"owp-btn-normal","23":"owp-tabs-layout-horizontal","24":"has-no-thumbnails"},"yoast_head":"<!-- This site is optimized with the Yoast SEO plugin v27.4 - https:\/\/yoast.com\/product\/yoast-seo-wordpress\/ -->\n<title>Enseignant \u2013 ATSEM : Mieux se conna\u00eetre pour mieux collaborer - MonAtsem - Formations en ligne pour ATSEM<\/title>\n<meta name=\"description\" content=\"ATSEM-PE : Mieux se conna\u00eetre pour mieux collaborer, bien travailler ensemble c\u2019est conna\u00eetre et reconna\u00eetre les comp\u00e9tences de chacun.\" \/>\n<meta name=\"robots\" content=\"index, follow, max-snippet:-1, max-image-preview:large, max-video-preview:-1\" \/>\n<link rel=\"canonical\" href=\"https:\/\/monatsem.com\/?product=enseignant-atsem-mieux-se-connaitre-pour-mieux-collaborer\" \/>\n<meta property=\"og:locale\" content=\"fr_FR\" \/>\n<meta property=\"og:type\" content=\"article\" \/>\n<meta property=\"og:title\" content=\"Enseignant \u2013 ATSEM : Mieux se conna\u00eetre pour mieux collaborer - MonAtsem - Formations en ligne pour ATSEM\" \/>\n<meta property=\"og:description\" content=\"ATSEM-PE : Mieux se conna\u00eetre pour mieux collaborer, bien travailler ensemble c\u2019est conna\u00eetre et reconna\u00eetre les comp\u00e9tences de chacun.\" \/>\n<meta property=\"og:url\" content=\"https:\/\/monatsem.com\/?product=enseignant-atsem-mieux-se-connaitre-pour-mieux-collaborer\" \/>\n<meta property=\"og:site_name\" content=\"MonAtsem - Formations en ligne pour ATSEM\" \/>\n<meta property=\"article:publisher\" content=\"https:\/\/www.facebook.com\/people\/Monatsem\/61556720673329\/\" \/>\n<meta property=\"article:modified_time\" content=\"2024-12-24T13:37:49+00:00\" \/>\n<meta property=\"og:image\" content=\"https:\/\/monatsem.com\/wp-content\/uploads\/2024\/04\/enseignants-1.jpg\" \/>\n\t<meta property=\"og:image:width\" content=\"1920\" \/>\n\t<meta property=\"og:image:height\" content=\"1280\" \/>\n\t<meta property=\"og:image:type\" content=\"image\/jpeg\" \/>\n<meta name=\"twitter:card\" content=\"summary_large_image\" \/>\n<meta name=\"twitter:label1\" content=\"Dur\u00e9e de lecture estim\u00e9e\" \/>\n\t<meta name=\"twitter:data1\" content=\"1 minute\" \/>\n<script type=\"application\/ld+json\" class=\"yoast-schema-graph\">{\"@context\":\"https:\\\/\\\/schema.org\",\"@graph\":[{\"@type\":\"WebPage\",\"@id\":\"https:\\\/\\\/monatsem.com\\\/?product=enseignant-atsem-mieux-se-connaitre-pour-mieux-collaborer\",\"url\":\"https:\\\/\\\/monatsem.com\\\/?product=enseignant-atsem-mieux-se-connaitre-pour-mieux-collaborer\",\"name\":\"Enseignant \u2013 ATSEM : Mieux se conna\u00eetre pour mieux collaborer - MonAtsem - Formations en ligne pour ATSEM\",\"isPartOf\":{\"@id\":\"https:\\\/\\\/monatsem.com\\\/#website\"},\"primaryImageOfPage\":{\"@id\":\"https:\\\/\\\/monatsem.com\\\/?product=enseignant-atsem-mieux-se-connaitre-pour-mieux-collaborer#primaryimage\"},\"image\":{\"@id\":\"https:\\\/\\\/monatsem.com\\\/?product=enseignant-atsem-mieux-se-connaitre-pour-mieux-collaborer#primaryimage\"},\"thumbnailUrl\":\"https:\\\/\\\/monatsem.com\\\/wp-content\\\/uploads\\\/2024\\\/04\\\/enseignants-1.jpg\",\"datePublished\":\"2024-12-24T13:33:46+00:00\",\"dateModified\":\"2024-12-24T13:37:49+00:00\",\"description\":\"ATSEM-PE : Mieux se conna\u00eetre pour mieux collaborer, bien travailler ensemble c\u2019est conna\u00eetre et reconna\u00eetre les comp\u00e9tences de chacun.\",\"breadcrumb\":{\"@id\":\"https:\\\/\\\/monatsem.com\\\/?product=enseignant-atsem-mieux-se-connaitre-pour-mieux-collaborer#breadcrumb\"},\"inLanguage\":\"fr-FR\",\"potentialAction\":[{\"@type\":\"ReadAction\",\"target\":[\"https:\\\/\\\/monatsem.com\\\/?product=enseignant-atsem-mieux-se-connaitre-pour-mieux-collaborer\"]}]},{\"@type\":\"ImageObject\",\"inLanguage\":\"fr-FR\",\"@id\":\"https:\\\/\\\/monatsem.com\\\/?product=enseignant-atsem-mieux-se-connaitre-pour-mieux-collaborer#primaryimage\",\"url\":\"https:\\\/\\\/monatsem.com\\\/wp-content\\\/uploads\\\/2024\\\/04\\\/enseignants-1.jpg\",\"contentUrl\":\"https:\\\/\\\/monatsem.com\\\/wp-content\\\/uploads\\\/2024\\\/04\\\/enseignants-1.jpg\",\"width\":1920,\"height\":1280,\"caption\":\"Relations ATSEM - Enseignants\"},{\"@type\":\"BreadcrumbList\",\"@id\":\"https:\\\/\\\/monatsem.com\\\/?product=enseignant-atsem-mieux-se-connaitre-pour-mieux-collaborer#breadcrumb\",\"itemListElement\":[{\"@type\":\"ListItem\",\"position\":1,\"name\":\"Accueil\",\"item\":\"https:\\\/\\\/monatsem.com\\\/\"},{\"@type\":\"ListItem\",\"position\":2,\"name\":\"Boutique\",\"item\":\"https:\\\/\\\/monatsem.com\\\/?page_id=2574\"},{\"@type\":\"ListItem\",\"position\":3,\"name\":\"Enseignant \u2013 ATSEM : Mieux se conna\u00eetre pour mieux collaborer\"}]},{\"@type\":\"WebSite\",\"@id\":\"https:\\\/\\\/monatsem.com\\\/#website\",\"url\":\"https:\\\/\\\/monatsem.com\\\/\",\"name\":\"Mon Atsem.com - Des formations en ligne et des ressources pour les pratiques professionnelles des ATSEM et les structures de la petite enfance\",\"description\":\"Des formations en ligne pour accompagner le m&eacute;tier des ATSEM\",\"publisher\":{\"@id\":\"https:\\\/\\\/monatsem.com\\\/#organization\"},\"potentialAction\":[{\"@type\":\"SearchAction\",\"target\":{\"@type\":\"EntryPoint\",\"urlTemplate\":\"https:\\\/\\\/monatsem.com\\\/?s={search_term_string}\"},\"query-input\":{\"@type\":\"PropertyValueSpecification\",\"valueRequired\":true,\"valueName\":\"search_term_string\"}}],\"inLanguage\":\"fr-FR\"},{\"@type\":\"Organization\",\"@id\":\"https:\\\/\\\/monatsem.com\\\/#organization\",\"name\":\"Mon Atsem\",\"url\":\"https:\\\/\\\/monatsem.com\\\/\",\"logo\":{\"@type\":\"ImageObject\",\"inLanguage\":\"fr-FR\",\"@id\":\"https:\\\/\\\/monatsem.com\\\/#\\\/schema\\\/logo\\\/image\\\/\",\"url\":\"https:\\\/\\\/monatsem.com\\\/wp-content\\\/uploads\\\/2024\\\/04\\\/Logo-base-transp.png\",\"contentUrl\":\"https:\\\/\\\/monatsem.com\\\/wp-content\\\/uploads\\\/2024\\\/04\\\/Logo-base-transp.png\",\"width\":233,\"height\":146,\"caption\":\"Mon Atsem\"},\"image\":{\"@id\":\"https:\\\/\\\/monatsem.com\\\/#\\\/schema\\\/logo\\\/image\\\/\"},\"sameAs\":[\"https:\\\/\\\/www.facebook.com\\\/people\\\/Monatsem\\\/61556720673329\\\/\",\"https:\\\/\\\/www.linkedin.com\\\/company\\\/monatsem\\\/\"]}]}<\/script>\n<!-- \/ Yoast SEO plugin. -->","yoast_head_json":{"title":"Enseignant \u2013 ATSEM : Mieux se conna\u00eetre pour mieux collaborer - MonAtsem - Formations en ligne pour ATSEM","description":"ATSEM-PE : Mieux se conna\u00eetre pour mieux collaborer, bien travailler ensemble c\u2019est conna\u00eetre et reconna\u00eetre les comp\u00e9tences de chacun.","robots":{"index":"index","follow":"follow","max-snippet":"max-snippet:-1","max-image-preview":"max-image-preview:large","max-video-preview":"max-video-preview:-1"},"canonical":"https:\/\/monatsem.com\/?product=enseignant-atsem-mieux-se-connaitre-pour-mieux-collaborer","og_locale":"fr_FR","og_type":"article","og_title":"Enseignant \u2013 ATSEM : Mieux se conna\u00eetre pour mieux collaborer - MonAtsem - Formations en ligne pour ATSEM","og_description":"ATSEM-PE : Mieux se conna\u00eetre pour mieux collaborer, bien travailler ensemble c\u2019est conna\u00eetre et reconna\u00eetre les comp\u00e9tences de chacun.","og_url":"https:\/\/monatsem.com\/?product=enseignant-atsem-mieux-se-connaitre-pour-mieux-collaborer","og_site_name":"MonAtsem - Formations en ligne pour ATSEM","article_publisher":"https:\/\/www.facebook.com\/people\/Monatsem\/61556720673329\/","article_modified_time":"2024-12-24T13:37:49+00:00","og_image":[{"width":1920,"height":1280,"url":"https:\/\/monatsem.com\/wp-content\/uploads\/2024\/04\/enseignants-1.jpg","type":"image\/jpeg"}],"twitter_card":"summary_large_image","twitter_misc":{"Dur\u00e9e de lecture estim\u00e9e":"1 minute"},"schema":{"@context":"https:\/\/schema.org","@graph":[{"@type":"WebPage","@id":"https:\/\/monatsem.com\/?product=enseignant-atsem-mieux-se-connaitre-pour-mieux-collaborer","url":"https:\/\/monatsem.com\/?product=enseignant-atsem-mieux-se-connaitre-pour-mieux-collaborer","name":"Enseignant \u2013 ATSEM : Mieux se conna\u00eetre pour mieux collaborer - MonAtsem - Formations en ligne pour ATSEM","isPartOf":{"@id":"https:\/\/monatsem.com\/#website"},"primaryImageOfPage":{"@id":"https:\/\/monatsem.com\/?product=enseignant-atsem-mieux-se-connaitre-pour-mieux-collaborer#primaryimage"},"image":{"@id":"https:\/\/monatsem.com\/?product=enseignant-atsem-mieux-se-connaitre-pour-mieux-collaborer#primaryimage"},"thumbnailUrl":"https:\/\/monatsem.com\/wp-content\/uploads\/2024\/04\/enseignants-1.jpg","datePublished":"2024-12-24T13:33:46+00:00","dateModified":"2024-12-24T13:37:49+00:00","description":"ATSEM-PE : Mieux se conna\u00eetre pour mieux collaborer, bien travailler ensemble c\u2019est conna\u00eetre et reconna\u00eetre les comp\u00e9tences de chacun.","breadcrumb":{"@id":"https:\/\/monatsem.com\/?product=enseignant-atsem-mieux-se-connaitre-pour-mieux-collaborer#breadcrumb"},"inLanguage":"fr-FR","potentialAction":[{"@type":"ReadAction","target":["https:\/\/monatsem.com\/?product=enseignant-atsem-mieux-se-connaitre-pour-mieux-collaborer"]}]},{"@type":"ImageObject","inLanguage":"fr-FR","@id":"https:\/\/monatsem.com\/?product=enseignant-atsem-mieux-se-connaitre-pour-mieux-collaborer#primaryimage","url":"https:\/\/monatsem.com\/wp-content\/uploads\/2024\/04\/enseignants-1.jpg","contentUrl":"https:\/\/monatsem.com\/wp-content\/uploads\/2024\/04\/enseignants-1.jpg","width":1920,"height":1280,"caption":"Relations ATSEM - Enseignants"},{"@type":"BreadcrumbList","@id":"https:\/\/monatsem.com\/?product=enseignant-atsem-mieux-se-connaitre-pour-mieux-collaborer#breadcrumb","itemListElement":[{"@type":"ListItem","position":1,"name":"Accueil","item":"https:\/\/monatsem.com\/"},{"@type":"ListItem","position":2,"name":"Boutique","item":"https:\/\/monatsem.com\/?page_id=2574"},{"@type":"ListItem","position":3,"name":"Enseignant \u2013 ATSEM : Mieux se conna\u00eetre pour mieux collaborer"}]},{"@type":"WebSite","@id":"https:\/\/monatsem.com\/#website","url":"https:\/\/monatsem.com\/","name":"Mon Atsem.com - Des formations en ligne et des ressources pour les pratiques professionnelles des ATSEM et les structures de la petite enfance","description":"Des formations en ligne pour accompagner le m&eacute;tier des ATSEM","publisher":{"@id":"https:\/\/monatsem.com\/#organization"},"potentialAction":[{"@type":"SearchAction","target":{"@type":"EntryPoint","urlTemplate":"https:\/\/monatsem.com\/?s={search_term_string}"},"query-input":{"@type":"PropertyValueSpecification","valueRequired":true,"valueName":"search_term_string"}}],"inLanguage":"fr-FR"},{"@type":"Organization","@id":"https:\/\/monatsem.com\/#organization","name":"Mon Atsem","url":"https:\/\/monatsem.com\/","logo":{"@type":"ImageObject","inLanguage":"fr-FR","@id":"https:\/\/monatsem.com\/#\/schema\/logo\/image\/","url":"https:\/\/monatsem.com\/wp-content\/uploads\/2024\/04\/Logo-base-transp.png","contentUrl":"https:\/\/monatsem.com\/wp-content\/uploads\/2024\/04\/Logo-base-transp.png","width":233,"height":146,"caption":"Mon Atsem"},"image":{"@id":"https:\/\/monatsem.com\/#\/schema\/logo\/image\/"},"sameAs":["https:\/\/www.facebook.com\/people\/Monatsem\/61556720673329\/","https:\/\/www.linkedin.com\/company\/monatsem\/"]}]}},"_links":{"self":[{"href":"https:\/\/monatsem.com\/index.php?rest_route=\/wp\/v2\/product\/2930","targetHints":{"allow":["GET"]}}],"collection":[{"href":"https:\/\/monatsem.com\/index.php?rest_route=\/wp\/v2\/product"}],"about":[{"href":"https:\/\/monatsem.com\/index.php?rest_route=\/wp\/v2\/types\/product"}],"replies":[{"embeddable":true,"href":"https:\/\/monatsem.com\/index.php?rest_route=%2Fwp%2Fv2%2Fcomments&post=2930"}],"version-history":[{"count":1,"href":"https:\/\/monatsem.com\/index.php?rest_route=\/wp\/v2\/product\/2930\/revisions"}],"predecessor-version":[{"id":2931,"href":"https:\/\/monatsem.com\/index.php?rest_route=\/wp\/v2\/product\/2930\/revisions\/2931"}],"wp:featuredmedia":[{"embeddable":true,"href":"https:\/\/monatsem.com\/index.php?rest_route=\/wp\/v2\/media\/2145"}],"wp:attachment":[{"href":"https:\/\/monatsem.com\/index.php?rest_route=%2Fwp%2Fv2%2Fmedia&parent=2930"}],"wp:term":[{"taxonomy":"product_brand","embeddable":true,"href":"https:\/\/monatsem.com\/index.php?rest_route=%2Fwp%2Fv2%2Fproduct_brand&post=2930"},{"taxonomy":"product_cat","embeddable":true,"href":"https:\/\/monatsem.com\/index.php?rest_route=%2Fwp%2Fv2%2Fproduct_cat&post=2930"},{"taxonomy":"product_tag","embeddable":true,"href":"https:\/\/monatsem.com\/index.php?rest_route=%2Fwp%2Fv2%2Fproduct_tag&post=2930"}],"curies":[{"name":"wp","href":"https:\/\/api.w.org\/{rel}","templated":true}]}}