{"id":2674,"date":"2024-07-05T22:44:47","date_gmt":"2024-07-05T22:44:47","guid":{"rendered":"https:\/\/monatsem.com\/?post_type=product&#038;p=2674"},"modified":"2024-12-24T15:36:37","modified_gmt":"2024-12-24T15:36:37","slug":"accompagner-les-enfants-allophones","status":"publish","type":"product","link":"https:\/\/monatsem.com\/?product=accompagner-les-enfants-allophones","title":{"rendered":"Accompagner les enfants allophones ou plurilingues : la langue maternelle, terreau fertile pour cultiver la langue seconde"},"content":{"rendered":"<p><strong>Objectifs<\/strong><\/p>\n<p>\u00c0 l\u2019issue de cette formation\u00a0:<\/p>\n<ul>\n<li>Vous saurer d\u00e9passer les id\u00e9es re\u00e7ues sur ce sujet<\/li>\n<li>Vous saurez adapter vos gestes professionnels afin d\u2019offrir aux enfants un accompagnement leur permettant de faciliter leur apprentissage de la langue fran\u00e7aise<\/li>\n<li>Vous serez en mesure de mettre en \u0153uvre des situations favorisant le d\u00e9veloppement des comp\u00e9tences langagi\u00e8res en fran\u00e7ais chez ces enfants<\/li>\n<\/ul>\n<p><strong>Public concern\u00e9<\/strong><\/p>\n<p>ATSEM, d\u00e9butants ou plus exp\u00e9riment\u00e9s, souhaitant actualiser leurs connaissances ou renforcer leurs comp\u00e9tences sur un enjeu professionnel, ATSEM pr\u00e9parant le concours, tout professionnel en lien avec les enseignements de l\u2019\u00e9cole maternelle<\/p>\n","protected":false},"excerpt":{"rendered":"<p>Valoriser la langue maternelle de l\u2019enfant, c\u2019est lui permettre de d\u00e9velopper plus ais\u00e9ment la langue seconde<\/p>\n<p><strong>Pr\u00e9sentation de la formation<\/strong><\/p>\n<p>Accompagner les enfants allophones ou plurilingues en milieu scolaire est crucial pour favoriser leur int\u00e9gration et leur r\u00e9ussite. Ces enfants, dont la langue maternelle n&rsquo;est pas le fran\u00e7ais, apportent une richesse culturelle et linguistique unique qui doit \u00eatre valoris\u00e9e. Les ATSEM jouent un r\u00f4le cl\u00e9 en offrant un environnement accueillant et en utilisant un langage clair et mod\u00e9lisant. En fournissant un soutien linguistique et \u00e9motionnel ad\u00e9quat, l&rsquo;\u00e9cole contribue non seulement \u00e0 leur d\u00e9veloppement langagier, mais aussi \u00e0 leur \u00e9panouissement personnel et \u00e0 leur int\u00e9gration sociale.<\/p>\n<p>&nbsp;<\/p>\n","protected":false},"featured_media":1383,"comment_status":"open","ping_status":"closed","template":"","meta":{"ocean_post_layout":"full-width","ocean_both_sidebars_style":"","ocean_both_sidebars_content_width":0,"ocean_both_sidebars_sidebars_width":0,"ocean_sidebar":"woo_sidebar","ocean_second_sidebar":"0","ocean_disable_margins":"enable","ocean_add_body_class":"","ocean_shortcode_before_top_bar":"","ocean_shortcode_after_top_bar":"","ocean_shortcode_before_header":"","ocean_shortcode_after_header":"","ocean_has_shortcode":"","ocean_shortcode_after_title":"","ocean_shortcode_before_footer_widgets":"","ocean_shortcode_after_footer_widgets":"","ocean_shortcode_before_footer_bottom":"","ocean_shortcode_after_footer_bottom":"","ocean_display_top_bar":"default","ocean_display_header":"default","ocean_header_style":"","ocean_center_header_left_menu":"0","ocean_custom_header_template":"0","ocean_custom_logo":0,"ocean_custom_retina_logo":0,"ocean_custom_logo_max_width":0,"ocean_custom_logo_tablet_max_width":0,"ocean_custom_logo_mobile_max_width":0,"ocean_custom_logo_max_height":0,"ocean_custom_logo_tablet_max_height":0,"ocean_custom_logo_mobile_max_height":0,"ocean_header_custom_menu":"0","ocean_menu_typo_font_family":"0","ocean_menu_typo_font_subset":"","ocean_menu_typo_font_size":0,"ocean_menu_typo_font_size_tablet":0,"ocean_menu_typo_font_size_mobile":0,"ocean_menu_typo_font_size_unit":"px","ocean_menu_typo_font_weight":"","ocean_menu_typo_font_weight_tablet":"","ocean_menu_typo_font_weight_mobile":"","ocean_menu_typo_transform":"","ocean_menu_typo_transform_tablet":"","ocean_menu_typo_transform_mobile":"","ocean_menu_typo_line_height":0,"ocean_menu_typo_line_height_tablet":0,"ocean_menu_typo_line_height_mobile":0,"ocean_menu_typo_line_height_unit":"","ocean_menu_typo_spacing":0,"ocean_menu_typo_spacing_tablet":0,"ocean_menu_typo_spacing_mobile":0,"ocean_menu_typo_spacing_unit":"","ocean_menu_link_color":"","ocean_menu_link_color_hover":"","ocean_menu_link_color_active":"","ocean_menu_link_background":"","ocean_menu_link_hover_background":"","ocean_menu_link_active_background":"","ocean_menu_social_links_bg":"","ocean_menu_social_hover_links_bg":"","ocean_menu_social_links_color":"","ocean_menu_social_hover_links_color":"","ocean_disable_title":"on","ocean_disable_heading":"default","ocean_post_title":"","ocean_post_subheading":"","ocean_post_title_style":"","ocean_post_title_background_color":"","ocean_post_title_background":0,"ocean_post_title_bg_image_position":"","ocean_post_title_bg_image_attachment":"","ocean_post_title_bg_image_repeat":"","ocean_post_title_bg_image_size":"","ocean_post_title_height":0,"ocean_post_title_bg_overlay":0.5,"ocean_post_title_bg_overlay_color":"","ocean_disable_breadcrumbs":"on","ocean_breadcrumbs_color":"#e28252","ocean_breadcrumbs_separator_color":"","ocean_breadcrumbs_links_color":"","ocean_breadcrumbs_links_hover_color":"#a7c6a1","ocean_display_footer_widgets":"default","ocean_display_footer_bottom":"default","ocean_custom_footer_template":"0"},"product_brand":[],"product_cat":[68],"product_tag":[75],"class_list":{"0":"post-2674","1":"product","2":"type-product","3":"status-publish","4":"has-post-thumbnail","6":"product_cat-enfant_besoins","7":"product_tag-videoformation","9":"entry","10":"has-media","12":"first","13":"instock","14":"virtual","15":"purchasable","16":"product-type-simple","17":"has-product-nav","18":"col","19":"span_1_of_4","20":"owp-content-center","21":"owp-thumbs-layout-horizontal","22":"owp-btn-normal","23":"owp-tabs-layout-horizontal","24":"has-no-thumbnails"},"yoast_head":"<!-- This site is optimized with the Yoast SEO plugin v27.4 - https:\/\/yoast.com\/product\/yoast-seo-wordpress\/ -->\n<title>Accompagner les enfants allophones ou plurilingues : la langue maternelle, terreau fertile pour cultiver la langue seconde MonAtsem - Formations en ligne pour ATSEM<\/title>\n<meta name=\"description\" content=\"D\u00e9passer les id\u00e9es re\u00e7ues gr\u00e2ce \u00e0 des apports de la recherche actualis\u00e9s sur le plurilinguisme\" \/>\n<meta name=\"robots\" content=\"index, follow, max-snippet:-1, max-image-preview:large, max-video-preview:-1\" \/>\n<link rel=\"canonical\" href=\"https:\/\/monatsem.com\/?product=accompagner-les-enfants-allophones\" \/>\n<meta property=\"og:locale\" content=\"fr_FR\" \/>\n<meta property=\"og:type\" content=\"article\" \/>\n<meta property=\"og:title\" content=\"Accompagner les enfants allophones ou plurilingues : la langue maternelle, terreau fertile pour cultiver la langue seconde MonAtsem - Formations en ligne pour ATSEM\" \/>\n<meta property=\"og:description\" content=\"D\u00e9passer les id\u00e9es re\u00e7ues gr\u00e2ce \u00e0 des apports de la recherche actualis\u00e9s sur le plurilinguisme\" \/>\n<meta property=\"og:url\" content=\"https:\/\/monatsem.com\/?product=accompagner-les-enfants-allophones\" \/>\n<meta property=\"og:site_name\" content=\"MonAtsem - Formations en ligne pour ATSEM\" \/>\n<meta property=\"article:publisher\" content=\"https:\/\/www.facebook.com\/people\/Monatsem\/61556720673329\/\" \/>\n<meta property=\"article:modified_time\" content=\"2024-12-24T15:36:37+00:00\" \/>\n<meta property=\"og:image\" content=\"https:\/\/monatsem.com\/wp-content\/uploads\/2024\/03\/groupe-table.webp\" \/>\n\t<meta property=\"og:image:width\" content=\"1280\" \/>\n\t<meta property=\"og:image:height\" content=\"1920\" \/>\n\t<meta property=\"og:image:type\" content=\"image\/webp\" \/>\n<meta name=\"twitter:card\" content=\"summary_large_image\" \/>\n<meta name=\"twitter:label1\" content=\"Dur\u00e9e de lecture estim\u00e9e\" \/>\n\t<meta name=\"twitter:data1\" content=\"1 minute\" \/>\n<script type=\"application\/ld+json\" class=\"yoast-schema-graph\">{\"@context\":\"https:\\\/\\\/schema.org\",\"@graph\":[{\"@type\":\"WebPage\",\"@id\":\"https:\\\/\\\/monatsem.com\\\/?product=accompagner-les-enfants-allophones\",\"url\":\"https:\\\/\\\/monatsem.com\\\/?product=accompagner-les-enfants-allophones\",\"name\":\"Accompagner les enfants allophones ou plurilingues : la langue maternelle, terreau fertile pour cultiver la langue seconde MonAtsem - Formations en ligne pour ATSEM\",\"isPartOf\":{\"@id\":\"https:\\\/\\\/monatsem.com\\\/#website\"},\"primaryImageOfPage\":{\"@id\":\"https:\\\/\\\/monatsem.com\\\/?product=accompagner-les-enfants-allophones#primaryimage\"},\"image\":{\"@id\":\"https:\\\/\\\/monatsem.com\\\/?product=accompagner-les-enfants-allophones#primaryimage\"},\"thumbnailUrl\":\"https:\\\/\\\/monatsem.com\\\/wp-content\\\/uploads\\\/2024\\\/03\\\/groupe-table.webp\",\"datePublished\":\"2024-07-05T22:44:47+00:00\",\"dateModified\":\"2024-12-24T15:36:37+00:00\",\"description\":\"D\u00e9passer les id\u00e9es re\u00e7ues gr\u00e2ce \u00e0 des apports de la recherche actualis\u00e9s sur le plurilinguisme\",\"breadcrumb\":{\"@id\":\"https:\\\/\\\/monatsem.com\\\/?product=accompagner-les-enfants-allophones#breadcrumb\"},\"inLanguage\":\"fr-FR\",\"potentialAction\":[{\"@type\":\"ReadAction\",\"target\":[\"https:\\\/\\\/monatsem.com\\\/?product=accompagner-les-enfants-allophones\"]}]},{\"@type\":\"ImageObject\",\"inLanguage\":\"fr-FR\",\"@id\":\"https:\\\/\\\/monatsem.com\\\/?product=accompagner-les-enfants-allophones#primaryimage\",\"url\":\"https:\\\/\\\/monatsem.com\\\/wp-content\\\/uploads\\\/2024\\\/03\\\/groupe-table.webp\",\"contentUrl\":\"https:\\\/\\\/monatsem.com\\\/wp-content\\\/uploads\\\/2024\\\/03\\\/groupe-table.webp\",\"width\":1280,\"height\":1920},{\"@type\":\"BreadcrumbList\",\"@id\":\"https:\\\/\\\/monatsem.com\\\/?product=accompagner-les-enfants-allophones#breadcrumb\",\"itemListElement\":[{\"@type\":\"ListItem\",\"position\":1,\"name\":\"Accueil\",\"item\":\"https:\\\/\\\/monatsem.com\\\/\"},{\"@type\":\"ListItem\",\"position\":2,\"name\":\"Boutique\",\"item\":\"https:\\\/\\\/monatsem.com\\\/?page_id=2574\"},{\"@type\":\"ListItem\",\"position\":3,\"name\":\"Accompagner les enfants allophones ou plurilingues : la langue maternelle, terreau fertile pour cultiver la langue seconde\"}]},{\"@type\":\"WebSite\",\"@id\":\"https:\\\/\\\/monatsem.com\\\/#website\",\"url\":\"https:\\\/\\\/monatsem.com\\\/\",\"name\":\"Mon Atsem.com - Des formations en ligne et des ressources pour les pratiques professionnelles des ATSEM et les structures de la petite enfance\",\"description\":\"Des formations en ligne pour accompagner le m&eacute;tier des ATSEM\",\"publisher\":{\"@id\":\"https:\\\/\\\/monatsem.com\\\/#organization\"},\"potentialAction\":[{\"@type\":\"SearchAction\",\"target\":{\"@type\":\"EntryPoint\",\"urlTemplate\":\"https:\\\/\\\/monatsem.com\\\/?s={search_term_string}\"},\"query-input\":{\"@type\":\"PropertyValueSpecification\",\"valueRequired\":true,\"valueName\":\"search_term_string\"}}],\"inLanguage\":\"fr-FR\"},{\"@type\":\"Organization\",\"@id\":\"https:\\\/\\\/monatsem.com\\\/#organization\",\"name\":\"Mon Atsem\",\"url\":\"https:\\\/\\\/monatsem.com\\\/\",\"logo\":{\"@type\":\"ImageObject\",\"inLanguage\":\"fr-FR\",\"@id\":\"https:\\\/\\\/monatsem.com\\\/#\\\/schema\\\/logo\\\/image\\\/\",\"url\":\"https:\\\/\\\/monatsem.com\\\/wp-content\\\/uploads\\\/2024\\\/04\\\/Logo-base-transp.png\",\"contentUrl\":\"https:\\\/\\\/monatsem.com\\\/wp-content\\\/uploads\\\/2024\\\/04\\\/Logo-base-transp.png\",\"width\":233,\"height\":146,\"caption\":\"Mon Atsem\"},\"image\":{\"@id\":\"https:\\\/\\\/monatsem.com\\\/#\\\/schema\\\/logo\\\/image\\\/\"},\"sameAs\":[\"https:\\\/\\\/www.facebook.com\\\/people\\\/Monatsem\\\/61556720673329\\\/\",\"https:\\\/\\\/www.linkedin.com\\\/company\\\/monatsem\\\/\"]}]}<\/script>\n<!-- \/ Yoast SEO plugin. -->","yoast_head_json":{"title":"Accompagner les enfants allophones ou plurilingues : la langue maternelle, terreau fertile pour cultiver la langue seconde MonAtsem - Formations en ligne pour ATSEM","description":"D\u00e9passer les id\u00e9es re\u00e7ues gr\u00e2ce \u00e0 des apports de la recherche actualis\u00e9s sur le plurilinguisme","robots":{"index":"index","follow":"follow","max-snippet":"max-snippet:-1","max-image-preview":"max-image-preview:large","max-video-preview":"max-video-preview:-1"},"canonical":"https:\/\/monatsem.com\/?product=accompagner-les-enfants-allophones","og_locale":"fr_FR","og_type":"article","og_title":"Accompagner les enfants allophones ou plurilingues : la langue maternelle, terreau fertile pour cultiver la langue seconde MonAtsem - Formations en ligne pour ATSEM","og_description":"D\u00e9passer les id\u00e9es re\u00e7ues gr\u00e2ce \u00e0 des apports de la recherche actualis\u00e9s sur le plurilinguisme","og_url":"https:\/\/monatsem.com\/?product=accompagner-les-enfants-allophones","og_site_name":"MonAtsem - Formations en ligne pour ATSEM","article_publisher":"https:\/\/www.facebook.com\/people\/Monatsem\/61556720673329\/","article_modified_time":"2024-12-24T15:36:37+00:00","og_image":[{"width":1280,"height":1920,"url":"https:\/\/monatsem.com\/wp-content\/uploads\/2024\/03\/groupe-table.webp","type":"image\/webp"}],"twitter_card":"summary_large_image","twitter_misc":{"Dur\u00e9e de lecture estim\u00e9e":"1 minute"},"schema":{"@context":"https:\/\/schema.org","@graph":[{"@type":"WebPage","@id":"https:\/\/monatsem.com\/?product=accompagner-les-enfants-allophones","url":"https:\/\/monatsem.com\/?product=accompagner-les-enfants-allophones","name":"Accompagner les enfants allophones ou plurilingues : la langue maternelle, terreau fertile pour cultiver la langue seconde MonAtsem - Formations en ligne pour ATSEM","isPartOf":{"@id":"https:\/\/monatsem.com\/#website"},"primaryImageOfPage":{"@id":"https:\/\/monatsem.com\/?product=accompagner-les-enfants-allophones#primaryimage"},"image":{"@id":"https:\/\/monatsem.com\/?product=accompagner-les-enfants-allophones#primaryimage"},"thumbnailUrl":"https:\/\/monatsem.com\/wp-content\/uploads\/2024\/03\/groupe-table.webp","datePublished":"2024-07-05T22:44:47+00:00","dateModified":"2024-12-24T15:36:37+00:00","description":"D\u00e9passer les id\u00e9es re\u00e7ues gr\u00e2ce \u00e0 des apports de la recherche actualis\u00e9s sur le plurilinguisme","breadcrumb":{"@id":"https:\/\/monatsem.com\/?product=accompagner-les-enfants-allophones#breadcrumb"},"inLanguage":"fr-FR","potentialAction":[{"@type":"ReadAction","target":["https:\/\/monatsem.com\/?product=accompagner-les-enfants-allophones"]}]},{"@type":"ImageObject","inLanguage":"fr-FR","@id":"https:\/\/monatsem.com\/?product=accompagner-les-enfants-allophones#primaryimage","url":"https:\/\/monatsem.com\/wp-content\/uploads\/2024\/03\/groupe-table.webp","contentUrl":"https:\/\/monatsem.com\/wp-content\/uploads\/2024\/03\/groupe-table.webp","width":1280,"height":1920},{"@type":"BreadcrumbList","@id":"https:\/\/monatsem.com\/?product=accompagner-les-enfants-allophones#breadcrumb","itemListElement":[{"@type":"ListItem","position":1,"name":"Accueil","item":"https:\/\/monatsem.com\/"},{"@type":"ListItem","position":2,"name":"Boutique","item":"https:\/\/monatsem.com\/?page_id=2574"},{"@type":"ListItem","position":3,"name":"Accompagner les enfants allophones ou plurilingues : la langue maternelle, terreau fertile pour cultiver la langue seconde"}]},{"@type":"WebSite","@id":"https:\/\/monatsem.com\/#website","url":"https:\/\/monatsem.com\/","name":"Mon Atsem.com - Des formations en ligne et des ressources pour les pratiques professionnelles des ATSEM et les structures de la petite enfance","description":"Des formations en ligne pour accompagner le m&eacute;tier des ATSEM","publisher":{"@id":"https:\/\/monatsem.com\/#organization"},"potentialAction":[{"@type":"SearchAction","target":{"@type":"EntryPoint","urlTemplate":"https:\/\/monatsem.com\/?s={search_term_string}"},"query-input":{"@type":"PropertyValueSpecification","valueRequired":true,"valueName":"search_term_string"}}],"inLanguage":"fr-FR"},{"@type":"Organization","@id":"https:\/\/monatsem.com\/#organization","name":"Mon Atsem","url":"https:\/\/monatsem.com\/","logo":{"@type":"ImageObject","inLanguage":"fr-FR","@id":"https:\/\/monatsem.com\/#\/schema\/logo\/image\/","url":"https:\/\/monatsem.com\/wp-content\/uploads\/2024\/04\/Logo-base-transp.png","contentUrl":"https:\/\/monatsem.com\/wp-content\/uploads\/2024\/04\/Logo-base-transp.png","width":233,"height":146,"caption":"Mon Atsem"},"image":{"@id":"https:\/\/monatsem.com\/#\/schema\/logo\/image\/"},"sameAs":["https:\/\/www.facebook.com\/people\/Monatsem\/61556720673329\/","https:\/\/www.linkedin.com\/company\/monatsem\/"]}]}},"_links":{"self":[{"href":"https:\/\/monatsem.com\/index.php?rest_route=\/wp\/v2\/product\/2674","targetHints":{"allow":["GET"]}}],"collection":[{"href":"https:\/\/monatsem.com\/index.php?rest_route=\/wp\/v2\/product"}],"about":[{"href":"https:\/\/monatsem.com\/index.php?rest_route=\/wp\/v2\/types\/product"}],"replies":[{"embeddable":true,"href":"https:\/\/monatsem.com\/index.php?rest_route=%2Fwp%2Fv2%2Fcomments&post=2674"}],"version-history":[{"count":3,"href":"https:\/\/monatsem.com\/index.php?rest_route=\/wp\/v2\/product\/2674\/revisions"}],"predecessor-version":[{"id":2958,"href":"https:\/\/monatsem.com\/index.php?rest_route=\/wp\/v2\/product\/2674\/revisions\/2958"}],"wp:featuredmedia":[{"embeddable":true,"href":"https:\/\/monatsem.com\/index.php?rest_route=\/wp\/v2\/media\/1383"}],"wp:attachment":[{"href":"https:\/\/monatsem.com\/index.php?rest_route=%2Fwp%2Fv2%2Fmedia&parent=2674"}],"wp:term":[{"taxonomy":"product_brand","embeddable":true,"href":"https:\/\/monatsem.com\/index.php?rest_route=%2Fwp%2Fv2%2Fproduct_brand&post=2674"},{"taxonomy":"product_cat","embeddable":true,"href":"https:\/\/monatsem.com\/index.php?rest_route=%2Fwp%2Fv2%2Fproduct_cat&post=2674"},{"taxonomy":"product_tag","embeddable":true,"href":"https:\/\/monatsem.com\/index.php?rest_route=%2Fwp%2Fv2%2Fproduct_tag&post=2674"}],"curies":[{"name":"wp","href":"https:\/\/api.w.org\/{rel}","templated":true}]}}