{"id":2668,"date":"2024-07-05T22:39:35","date_gmt":"2024-07-05T22:39:35","guid":{"rendered":"https:\/\/monatsem.com\/?post_type=product&#038;p=2668"},"modified":"2024-12-24T15:35:18","modified_gmt":"2024-12-24T15:35:18","slug":"accompagner-le-developpement-de-la-motricite-fine-de-lenfant","status":"publish","type":"product","link":"https:\/\/monatsem.com\/?product=accompagner-le-developpement-de-la-motricite-fine-de-lenfant","title":{"rendered":"Bien tenir son crayon : un v\u00e9ritable d\u00e9fi pour les petits \u00e9l\u00e8ves !"},"content":{"rendered":"<p><strong>Objectifs<\/strong><\/p>\n<p>\u00c0 l\u2019issue de cette formation :<\/p>\n<ul>\n<li>Vous saurez comment accompagner la tenue correcte du crayon de l\u2019enfant<\/li>\n<li>Vous d\u00e9couvrirez quelques cl\u00e9s de compr\u00e9hension des activit\u00e9s graphiques et d\u2019\u00e9criture \u00e0 l\u2019\u00e9cole maternelle<\/li>\n<li>Vous pourrez expliciter plus pr\u00e9cis\u00e9ment les consignes du professeur des \u00e9coles aupr\u00e8s des \u00e9l\u00e8ves dans le cadre de ces activit\u00e9s<\/li>\n<\/ul>\n<p><strong>Public concern\u00e9 <\/strong><\/p>\n<p>ATSEM, d\u00e9butants ou plus exp\u00e9riment\u00e9s, souhaitant actualiser leurs connaissances ou renforcer leurs comp\u00e9tences sur un enjeu professionnel, ATSEM pr\u00e9parant le concours, tout professionnel en lien avec les enseignements de l\u2019\u00e9cole maternelle<\/p>\n","protected":false},"excerpt":{"rendered":"<p><strong>Pr\u00e9sentation de la formation<\/strong><\/p>\n<p>Accompagner la tenue du crayon en tant qu&rsquo;ATSEM (Agent Territorial Sp\u00e9cialis\u00e9 des \u00c9coles Maternelles) est une t\u00e2che importante pour favoriser le d\u00e9veloppement des comp\u00e9tences motrices fines chez les jeunes enfants. Dans le cadre de ce module, vous d\u00e9couvrirez ainsi quelles sont les \u00e9tapes essentielles pour que l\u2019enfant engage ce geste correctement et comment faciliter cet apprentissage parfois laborieux chez certains petits \u00e9l\u00e8ves sans qu\u2019ils ne se d\u00e9couragent. Ce parcours sera aussi l\u2019occasion de vous donner quelques cl\u00e9s relatives au graphisme et \u00e0 l\u2019\u00e9criture des activit\u00e9s quotidiennes en classe.<\/p>\n<p>&nbsp;<\/p>\n","protected":false},"featured_media":1371,"comment_status":"open","ping_status":"closed","template":"","meta":{"ocean_post_layout":"full-width","ocean_both_sidebars_style":"","ocean_both_sidebars_content_width":0,"ocean_both_sidebars_sidebars_width":0,"ocean_sidebar":"woo_sidebar","ocean_second_sidebar":"0","ocean_disable_margins":"enable","ocean_add_body_class":"","ocean_shortcode_before_top_bar":"","ocean_shortcode_after_top_bar":"","ocean_shortcode_before_header":"","ocean_shortcode_after_header":"","ocean_has_shortcode":"","ocean_shortcode_after_title":"","ocean_shortcode_before_footer_widgets":"","ocean_shortcode_after_footer_widgets":"","ocean_shortcode_before_footer_bottom":"","ocean_shortcode_after_footer_bottom":"","ocean_display_top_bar":"default","ocean_display_header":"default","ocean_header_style":"","ocean_center_header_left_menu":"0","ocean_custom_header_template":"0","ocean_custom_logo":0,"ocean_custom_retina_logo":0,"ocean_custom_logo_max_width":0,"ocean_custom_logo_tablet_max_width":0,"ocean_custom_logo_mobile_max_width":0,"ocean_custom_logo_max_height":0,"ocean_custom_logo_tablet_max_height":0,"ocean_custom_logo_mobile_max_height":0,"ocean_header_custom_menu":"0","ocean_menu_typo_font_family":"0","ocean_menu_typo_font_subset":"","ocean_menu_typo_font_size":0,"ocean_menu_typo_font_size_tablet":0,"ocean_menu_typo_font_size_mobile":0,"ocean_menu_typo_font_size_unit":"px","ocean_menu_typo_font_weight":"","ocean_menu_typo_font_weight_tablet":"","ocean_menu_typo_font_weight_mobile":"","ocean_menu_typo_transform":"","ocean_menu_typo_transform_tablet":"","ocean_menu_typo_transform_mobile":"","ocean_menu_typo_line_height":0,"ocean_menu_typo_line_height_tablet":0,"ocean_menu_typo_line_height_mobile":0,"ocean_menu_typo_line_height_unit":"","ocean_menu_typo_spacing":0,"ocean_menu_typo_spacing_tablet":0,"ocean_menu_typo_spacing_mobile":0,"ocean_menu_typo_spacing_unit":"","ocean_menu_link_color":"","ocean_menu_link_color_hover":"","ocean_menu_link_color_active":"","ocean_menu_link_background":"","ocean_menu_link_hover_background":"","ocean_menu_link_active_background":"","ocean_menu_social_links_bg":"","ocean_menu_social_hover_links_bg":"","ocean_menu_social_links_color":"","ocean_menu_social_hover_links_color":"","ocean_disable_title":"on","ocean_disable_heading":"default","ocean_post_title":"","ocean_post_subheading":"","ocean_post_title_style":"","ocean_post_title_background_color":"","ocean_post_title_background":0,"ocean_post_title_bg_image_position":"","ocean_post_title_bg_image_attachment":"","ocean_post_title_bg_image_repeat":"","ocean_post_title_bg_image_size":"","ocean_post_title_height":0,"ocean_post_title_bg_overlay":0.5,"ocean_post_title_bg_overlay_color":"","ocean_disable_breadcrumbs":"on","ocean_breadcrumbs_color":"#e28252","ocean_breadcrumbs_separator_color":"","ocean_breadcrumbs_links_color":"","ocean_breadcrumbs_links_hover_color":"#a7c6a1","ocean_display_footer_widgets":"default","ocean_display_footer_bottom":"default","ocean_custom_footer_template":"0"},"product_brand":[],"product_cat":[68],"product_tag":[75],"class_list":{"0":"post-2668","1":"product","2":"type-product","3":"status-publish","4":"has-post-thumbnail","6":"product_cat-enfant_besoins","7":"product_tag-videoformation","9":"entry","10":"has-media","12":"first","13":"instock","14":"virtual","15":"purchasable","16":"product-type-simple","17":"has-product-nav","18":"col","19":"span_1_of_4","20":"owp-content-center","21":"owp-thumbs-layout-horizontal","22":"owp-btn-normal","23":"owp-tabs-layout-horizontal","24":"has-no-thumbnails"},"yoast_head":"<!-- This site is optimized with the Yoast SEO plugin v27.4 - https:\/\/yoast.com\/product\/yoast-seo-wordpress\/ -->\n<title>Bien tenir son crayon : un v\u00e9ritable d\u00e9fi pour les petits \u00e9l\u00e8ves ! MonAtsem - Formations en ligne pour ATSEM<\/title>\n<meta name=\"description\" content=\"Conna\u00eetre les \u00e9tapes de d\u00e9veloppement de l\u2019enfant de mani\u00e8re \u00e0 adapter sa posture durant les ateliers de graphisme et \u00e9criture\" \/>\n<meta name=\"robots\" content=\"index, follow, max-snippet:-1, max-image-preview:large, max-video-preview:-1\" \/>\n<link rel=\"canonical\" href=\"https:\/\/monatsem.com\/?product=accompagner-le-developpement-de-la-motricite-fine-de-lenfant\" \/>\n<meta property=\"og:locale\" content=\"fr_FR\" \/>\n<meta property=\"og:type\" content=\"article\" \/>\n<meta property=\"og:title\" content=\"Bien tenir son crayon : un v\u00e9ritable d\u00e9fi pour les petits \u00e9l\u00e8ves ! MonAtsem - Formations en ligne pour ATSEM\" \/>\n<meta property=\"og:description\" content=\"Conna\u00eetre les \u00e9tapes de d\u00e9veloppement de l\u2019enfant de mani\u00e8re \u00e0 adapter sa posture durant les ateliers de graphisme et \u00e9criture\" \/>\n<meta property=\"og:url\" content=\"https:\/\/monatsem.com\/?product=accompagner-le-developpement-de-la-motricite-fine-de-lenfant\" \/>\n<meta property=\"og:site_name\" content=\"MonAtsem - Formations en ligne pour ATSEM\" \/>\n<meta property=\"article:publisher\" content=\"https:\/\/www.facebook.com\/people\/Monatsem\/61556720673329\/\" \/>\n<meta property=\"article:modified_time\" content=\"2024-12-24T15:35:18+00:00\" \/>\n<meta property=\"og:image\" content=\"https:\/\/monatsem.com\/wp-content\/uploads\/2024\/03\/solo-dessin-2.webp\" \/>\n\t<meta property=\"og:image:width\" content=\"1920\" \/>\n\t<meta property=\"og:image:height\" content=\"1303\" \/>\n\t<meta property=\"og:image:type\" content=\"image\/webp\" \/>\n<meta name=\"twitter:card\" content=\"summary_large_image\" \/>\n<meta name=\"twitter:label1\" content=\"Dur\u00e9e de lecture estim\u00e9e\" \/>\n\t<meta name=\"twitter:data1\" content=\"1 minute\" \/>\n<script type=\"application\/ld+json\" class=\"yoast-schema-graph\">{\"@context\":\"https:\\\/\\\/schema.org\",\"@graph\":[{\"@type\":\"WebPage\",\"@id\":\"https:\\\/\\\/monatsem.com\\\/?product=accompagner-le-developpement-de-la-motricite-fine-de-lenfant\",\"url\":\"https:\\\/\\\/monatsem.com\\\/?product=accompagner-le-developpement-de-la-motricite-fine-de-lenfant\",\"name\":\"Bien tenir son crayon : un v\u00e9ritable d\u00e9fi pour les petits \u00e9l\u00e8ves ! MonAtsem - Formations en ligne pour ATSEM\",\"isPartOf\":{\"@id\":\"https:\\\/\\\/monatsem.com\\\/#website\"},\"primaryImageOfPage\":{\"@id\":\"https:\\\/\\\/monatsem.com\\\/?product=accompagner-le-developpement-de-la-motricite-fine-de-lenfant#primaryimage\"},\"image\":{\"@id\":\"https:\\\/\\\/monatsem.com\\\/?product=accompagner-le-developpement-de-la-motricite-fine-de-lenfant#primaryimage\"},\"thumbnailUrl\":\"https:\\\/\\\/monatsem.com\\\/wp-content\\\/uploads\\\/2024\\\/03\\\/solo-dessin-2.webp\",\"datePublished\":\"2024-07-05T22:39:35+00:00\",\"dateModified\":\"2024-12-24T15:35:18+00:00\",\"description\":\"Conna\u00eetre les \u00e9tapes de d\u00e9veloppement de l\u2019enfant de mani\u00e8re \u00e0 adapter sa posture durant les ateliers de graphisme et \u00e9criture\",\"breadcrumb\":{\"@id\":\"https:\\\/\\\/monatsem.com\\\/?product=accompagner-le-developpement-de-la-motricite-fine-de-lenfant#breadcrumb\"},\"inLanguage\":\"fr-FR\",\"potentialAction\":[{\"@type\":\"ReadAction\",\"target\":[\"https:\\\/\\\/monatsem.com\\\/?product=accompagner-le-developpement-de-la-motricite-fine-de-lenfant\"]}]},{\"@type\":\"ImageObject\",\"inLanguage\":\"fr-FR\",\"@id\":\"https:\\\/\\\/monatsem.com\\\/?product=accompagner-le-developpement-de-la-motricite-fine-de-lenfant#primaryimage\",\"url\":\"https:\\\/\\\/monatsem.com\\\/wp-content\\\/uploads\\\/2024\\\/03\\\/solo-dessin-2.webp\",\"contentUrl\":\"https:\\\/\\\/monatsem.com\\\/wp-content\\\/uploads\\\/2024\\\/03\\\/solo-dessin-2.webp\",\"width\":1920,\"height\":1303},{\"@type\":\"BreadcrumbList\",\"@id\":\"https:\\\/\\\/monatsem.com\\\/?product=accompagner-le-developpement-de-la-motricite-fine-de-lenfant#breadcrumb\",\"itemListElement\":[{\"@type\":\"ListItem\",\"position\":1,\"name\":\"Accueil\",\"item\":\"https:\\\/\\\/monatsem.com\\\/\"},{\"@type\":\"ListItem\",\"position\":2,\"name\":\"Boutique\",\"item\":\"https:\\\/\\\/monatsem.com\\\/?page_id=2574\"},{\"@type\":\"ListItem\",\"position\":3,\"name\":\"Bien tenir son crayon : un v\u00e9ritable d\u00e9fi pour les petits \u00e9l\u00e8ves !\"}]},{\"@type\":\"WebSite\",\"@id\":\"https:\\\/\\\/monatsem.com\\\/#website\",\"url\":\"https:\\\/\\\/monatsem.com\\\/\",\"name\":\"Mon Atsem.com - Des formations en ligne et des ressources pour les pratiques professionnelles des ATSEM et les structures de la petite enfance\",\"description\":\"Des formations en ligne pour accompagner le m&eacute;tier des ATSEM\",\"publisher\":{\"@id\":\"https:\\\/\\\/monatsem.com\\\/#organization\"},\"potentialAction\":[{\"@type\":\"SearchAction\",\"target\":{\"@type\":\"EntryPoint\",\"urlTemplate\":\"https:\\\/\\\/monatsem.com\\\/?s={search_term_string}\"},\"query-input\":{\"@type\":\"PropertyValueSpecification\",\"valueRequired\":true,\"valueName\":\"search_term_string\"}}],\"inLanguage\":\"fr-FR\"},{\"@type\":\"Organization\",\"@id\":\"https:\\\/\\\/monatsem.com\\\/#organization\",\"name\":\"Mon Atsem\",\"url\":\"https:\\\/\\\/monatsem.com\\\/\",\"logo\":{\"@type\":\"ImageObject\",\"inLanguage\":\"fr-FR\",\"@id\":\"https:\\\/\\\/monatsem.com\\\/#\\\/schema\\\/logo\\\/image\\\/\",\"url\":\"https:\\\/\\\/monatsem.com\\\/wp-content\\\/uploads\\\/2024\\\/04\\\/Logo-base-transp.png\",\"contentUrl\":\"https:\\\/\\\/monatsem.com\\\/wp-content\\\/uploads\\\/2024\\\/04\\\/Logo-base-transp.png\",\"width\":233,\"height\":146,\"caption\":\"Mon Atsem\"},\"image\":{\"@id\":\"https:\\\/\\\/monatsem.com\\\/#\\\/schema\\\/logo\\\/image\\\/\"},\"sameAs\":[\"https:\\\/\\\/www.facebook.com\\\/people\\\/Monatsem\\\/61556720673329\\\/\",\"https:\\\/\\\/www.linkedin.com\\\/company\\\/monatsem\\\/\"]}]}<\/script>\n<!-- \/ Yoast SEO plugin. -->","yoast_head_json":{"title":"Bien tenir son crayon : un v\u00e9ritable d\u00e9fi pour les petits \u00e9l\u00e8ves ! MonAtsem - Formations en ligne pour ATSEM","description":"Conna\u00eetre les \u00e9tapes de d\u00e9veloppement de l\u2019enfant de mani\u00e8re \u00e0 adapter sa posture durant les ateliers de graphisme et \u00e9criture","robots":{"index":"index","follow":"follow","max-snippet":"max-snippet:-1","max-image-preview":"max-image-preview:large","max-video-preview":"max-video-preview:-1"},"canonical":"https:\/\/monatsem.com\/?product=accompagner-le-developpement-de-la-motricite-fine-de-lenfant","og_locale":"fr_FR","og_type":"article","og_title":"Bien tenir son crayon : un v\u00e9ritable d\u00e9fi pour les petits \u00e9l\u00e8ves ! MonAtsem - Formations en ligne pour ATSEM","og_description":"Conna\u00eetre les \u00e9tapes de d\u00e9veloppement de l\u2019enfant de mani\u00e8re \u00e0 adapter sa posture durant les ateliers de graphisme et \u00e9criture","og_url":"https:\/\/monatsem.com\/?product=accompagner-le-developpement-de-la-motricite-fine-de-lenfant","og_site_name":"MonAtsem - Formations en ligne pour ATSEM","article_publisher":"https:\/\/www.facebook.com\/people\/Monatsem\/61556720673329\/","article_modified_time":"2024-12-24T15:35:18+00:00","og_image":[{"width":1920,"height":1303,"url":"https:\/\/monatsem.com\/wp-content\/uploads\/2024\/03\/solo-dessin-2.webp","type":"image\/webp"}],"twitter_card":"summary_large_image","twitter_misc":{"Dur\u00e9e de lecture estim\u00e9e":"1 minute"},"schema":{"@context":"https:\/\/schema.org","@graph":[{"@type":"WebPage","@id":"https:\/\/monatsem.com\/?product=accompagner-le-developpement-de-la-motricite-fine-de-lenfant","url":"https:\/\/monatsem.com\/?product=accompagner-le-developpement-de-la-motricite-fine-de-lenfant","name":"Bien tenir son crayon : un v\u00e9ritable d\u00e9fi pour les petits \u00e9l\u00e8ves ! MonAtsem - Formations en ligne pour ATSEM","isPartOf":{"@id":"https:\/\/monatsem.com\/#website"},"primaryImageOfPage":{"@id":"https:\/\/monatsem.com\/?product=accompagner-le-developpement-de-la-motricite-fine-de-lenfant#primaryimage"},"image":{"@id":"https:\/\/monatsem.com\/?product=accompagner-le-developpement-de-la-motricite-fine-de-lenfant#primaryimage"},"thumbnailUrl":"https:\/\/monatsem.com\/wp-content\/uploads\/2024\/03\/solo-dessin-2.webp","datePublished":"2024-07-05T22:39:35+00:00","dateModified":"2024-12-24T15:35:18+00:00","description":"Conna\u00eetre les \u00e9tapes de d\u00e9veloppement de l\u2019enfant de mani\u00e8re \u00e0 adapter sa posture durant les ateliers de graphisme et \u00e9criture","breadcrumb":{"@id":"https:\/\/monatsem.com\/?product=accompagner-le-developpement-de-la-motricite-fine-de-lenfant#breadcrumb"},"inLanguage":"fr-FR","potentialAction":[{"@type":"ReadAction","target":["https:\/\/monatsem.com\/?product=accompagner-le-developpement-de-la-motricite-fine-de-lenfant"]}]},{"@type":"ImageObject","inLanguage":"fr-FR","@id":"https:\/\/monatsem.com\/?product=accompagner-le-developpement-de-la-motricite-fine-de-lenfant#primaryimage","url":"https:\/\/monatsem.com\/wp-content\/uploads\/2024\/03\/solo-dessin-2.webp","contentUrl":"https:\/\/monatsem.com\/wp-content\/uploads\/2024\/03\/solo-dessin-2.webp","width":1920,"height":1303},{"@type":"BreadcrumbList","@id":"https:\/\/monatsem.com\/?product=accompagner-le-developpement-de-la-motricite-fine-de-lenfant#breadcrumb","itemListElement":[{"@type":"ListItem","position":1,"name":"Accueil","item":"https:\/\/monatsem.com\/"},{"@type":"ListItem","position":2,"name":"Boutique","item":"https:\/\/monatsem.com\/?page_id=2574"},{"@type":"ListItem","position":3,"name":"Bien tenir son crayon : un v\u00e9ritable d\u00e9fi pour les petits \u00e9l\u00e8ves !"}]},{"@type":"WebSite","@id":"https:\/\/monatsem.com\/#website","url":"https:\/\/monatsem.com\/","name":"Mon Atsem.com - Des formations en ligne et des ressources pour les pratiques professionnelles des ATSEM et les structures de la petite enfance","description":"Des formations en ligne pour accompagner le m&eacute;tier des ATSEM","publisher":{"@id":"https:\/\/monatsem.com\/#organization"},"potentialAction":[{"@type":"SearchAction","target":{"@type":"EntryPoint","urlTemplate":"https:\/\/monatsem.com\/?s={search_term_string}"},"query-input":{"@type":"PropertyValueSpecification","valueRequired":true,"valueName":"search_term_string"}}],"inLanguage":"fr-FR"},{"@type":"Organization","@id":"https:\/\/monatsem.com\/#organization","name":"Mon Atsem","url":"https:\/\/monatsem.com\/","logo":{"@type":"ImageObject","inLanguage":"fr-FR","@id":"https:\/\/monatsem.com\/#\/schema\/logo\/image\/","url":"https:\/\/monatsem.com\/wp-content\/uploads\/2024\/04\/Logo-base-transp.png","contentUrl":"https:\/\/monatsem.com\/wp-content\/uploads\/2024\/04\/Logo-base-transp.png","width":233,"height":146,"caption":"Mon Atsem"},"image":{"@id":"https:\/\/monatsem.com\/#\/schema\/logo\/image\/"},"sameAs":["https:\/\/www.facebook.com\/people\/Monatsem\/61556720673329\/","https:\/\/www.linkedin.com\/company\/monatsem\/"]}]}},"_links":{"self":[{"href":"https:\/\/monatsem.com\/index.php?rest_route=\/wp\/v2\/product\/2668","targetHints":{"allow":["GET"]}}],"collection":[{"href":"https:\/\/monatsem.com\/index.php?rest_route=\/wp\/v2\/product"}],"about":[{"href":"https:\/\/monatsem.com\/index.php?rest_route=\/wp\/v2\/types\/product"}],"replies":[{"embeddable":true,"href":"https:\/\/monatsem.com\/index.php?rest_route=%2Fwp%2Fv2%2Fcomments&post=2668"}],"version-history":[{"count":3,"href":"https:\/\/monatsem.com\/index.php?rest_route=\/wp\/v2\/product\/2668\/revisions"}],"predecessor-version":[{"id":2954,"href":"https:\/\/monatsem.com\/index.php?rest_route=\/wp\/v2\/product\/2668\/revisions\/2954"}],"wp:featuredmedia":[{"embeddable":true,"href":"https:\/\/monatsem.com\/index.php?rest_route=\/wp\/v2\/media\/1371"}],"wp:attachment":[{"href":"https:\/\/monatsem.com\/index.php?rest_route=%2Fwp%2Fv2%2Fmedia&parent=2668"}],"wp:term":[{"taxonomy":"product_brand","embeddable":true,"href":"https:\/\/monatsem.com\/index.php?rest_route=%2Fwp%2Fv2%2Fproduct_brand&post=2668"},{"taxonomy":"product_cat","embeddable":true,"href":"https:\/\/monatsem.com\/index.php?rest_route=%2Fwp%2Fv2%2Fproduct_cat&post=2668"},{"taxonomy":"product_tag","embeddable":true,"href":"https:\/\/monatsem.com\/index.php?rest_route=%2Fwp%2Fv2%2Fproduct_tag&post=2668"}],"curies":[{"name":"wp","href":"https:\/\/api.w.org\/{rel}","templated":true}]}}