{"id":2653,"date":"2024-07-05T22:01:44","date_gmt":"2024-07-05T22:01:44","guid":{"rendered":"https:\/\/monatsem.com\/?post_type=product&#038;p=2653"},"modified":"2024-12-24T15:29:21","modified_gmt":"2024-12-24T15:29:21","slug":"un-cerveau-deja-structure-des-la-naissance","status":"publish","type":"product","link":"https:\/\/monatsem.com\/?product=un-cerveau-deja-structure-des-la-naissance","title":{"rendered":"Et si nous \u00e9vitions l\u2019adultomorphisme ! Un cerveau d\u00e9j\u00e0 structur\u00e9 d\u00e8s la naissance mais encore immature"},"content":{"rendered":"<p><strong>Objectifs<\/strong><\/p>\n<p>\u00c0 l\u2019issue de cette formation\u00a0:<\/p>\n<ul>\n<li>Vous saurez d\u00e9crire les grandes phases du d\u00e9veloppement du cerveau de l\u2019enfant pendant la grossesse et lors de sa naissance<\/li>\n<li>Vous pourrez expliquer pourquoi l\u2019environnement de l\u2019enfant durant ses premi\u00e8res ann\u00e9es de vie doit \u00eatre riche en interactions<\/li>\n<li>Vous serez en mesure de mettre en \u0153uvre des pratiques professionnelles adapt\u00e9es au regard de ces connaissances acquises<\/li>\n<\/ul>\n<p><strong>Public concern\u00e9 <\/strong><\/p>\n<p>ATSEM, d\u00e9butants ou plus exp\u00e9riment\u00e9s, souhaitant actualiser leurs connaissances ou renforcer leurs comp\u00e9tences sur un enjeu professionnel, ATSEM pr\u00e9parant le concours, tout professionnel en lien avec les enseignements de l\u2019\u00e9cole maternelle<\/p>\n","protected":false},"excerpt":{"rendered":"<p>A\u00a0 3 ans le cerveau d\u2019un enfant est encore immature et ce dernier\u00a0 ne peut donc pas se comporter comme un enfant plus grand voir un adulte\u2026<\/p>\n<p><strong>Pr\u00e9sentation de la formation<\/strong><\/p>\n<p>Les recherches en sciences cognitives, en particulier en neurosciences, ainsi que les avanc\u00e9es technologiques r\u00e9centes, nous offrent aujourd&rsquo;hui une meilleure compr\u00e9hension du d\u00e9veloppement de l&rsquo;enfant. Il est donc essentiel de transmettre ces connaissances aux ATSEM, qui l\u2019accompagnent quotidiennement dans le cadre des classes d\u2019\u00e9cole maternelle.<\/p>\n<p>Dans ce module de formation, nous approfondirons les connaissances relatives au d\u00e9veloppement c\u00e9r\u00e9bral de l\u2019enfant et d\u00e9couvrirons comment celles-ci peuvent enrichir vos pratiques professionnelles. Soyez rassur\u00e9(e)s, nous nous concentrerons uniquement sur les informations scientifiques essentielles pour comprendre ce qui se passe dans la t\u00eate de ces jeunes \u00e9l\u00e8ves, en \u00e9vitant les discours complexes et abstraits.<\/p>\n<p>&nbsp;<\/p>\n","protected":false},"featured_media":1370,"comment_status":"open","ping_status":"closed","template":"","meta":{"ocean_post_layout":"full-width","ocean_both_sidebars_style":"","ocean_both_sidebars_content_width":0,"ocean_both_sidebars_sidebars_width":0,"ocean_sidebar":"woo_sidebar","ocean_second_sidebar":"0","ocean_disable_margins":"enable","ocean_add_body_class":"","ocean_shortcode_before_top_bar":"","ocean_shortcode_after_top_bar":"","ocean_shortcode_before_header":"","ocean_shortcode_after_header":"","ocean_has_shortcode":"","ocean_shortcode_after_title":"","ocean_shortcode_before_footer_widgets":"","ocean_shortcode_after_footer_widgets":"","ocean_shortcode_before_footer_bottom":"","ocean_shortcode_after_footer_bottom":"","ocean_display_top_bar":"default","ocean_display_header":"default","ocean_header_style":"","ocean_center_header_left_menu":"0","ocean_custom_header_template":"0","ocean_custom_logo":0,"ocean_custom_retina_logo":0,"ocean_custom_logo_max_width":0,"ocean_custom_logo_tablet_max_width":0,"ocean_custom_logo_mobile_max_width":0,"ocean_custom_logo_max_height":0,"ocean_custom_logo_tablet_max_height":0,"ocean_custom_logo_mobile_max_height":0,"ocean_header_custom_menu":"0","ocean_menu_typo_font_family":"0","ocean_menu_typo_font_subset":"","ocean_menu_typo_font_size":0,"ocean_menu_typo_font_size_tablet":0,"ocean_menu_typo_font_size_mobile":0,"ocean_menu_typo_font_size_unit":"px","ocean_menu_typo_font_weight":"","ocean_menu_typo_font_weight_tablet":"","ocean_menu_typo_font_weight_mobile":"","ocean_menu_typo_transform":"","ocean_menu_typo_transform_tablet":"","ocean_menu_typo_transform_mobile":"","ocean_menu_typo_line_height":0,"ocean_menu_typo_line_height_tablet":0,"ocean_menu_typo_line_height_mobile":0,"ocean_menu_typo_line_height_unit":"","ocean_menu_typo_spacing":0,"ocean_menu_typo_spacing_tablet":0,"ocean_menu_typo_spacing_mobile":0,"ocean_menu_typo_spacing_unit":"","ocean_menu_link_color":"","ocean_menu_link_color_hover":"","ocean_menu_link_color_active":"","ocean_menu_link_background":"","ocean_menu_link_hover_background":"","ocean_menu_link_active_background":"","ocean_menu_social_links_bg":"","ocean_menu_social_hover_links_bg":"","ocean_menu_social_links_color":"","ocean_menu_social_hover_links_color":"","ocean_disable_title":"on","ocean_disable_heading":"default","ocean_post_title":"","ocean_post_subheading":"","ocean_post_title_style":"","ocean_post_title_background_color":"","ocean_post_title_background":0,"ocean_post_title_bg_image_position":"","ocean_post_title_bg_image_attachment":"","ocean_post_title_bg_image_repeat":"","ocean_post_title_bg_image_size":"","ocean_post_title_height":0,"ocean_post_title_bg_overlay":0.5,"ocean_post_title_bg_overlay_color":"","ocean_disable_breadcrumbs":"on","ocean_breadcrumbs_color":"#e28252","ocean_breadcrumbs_separator_color":"","ocean_breadcrumbs_links_color":"","ocean_breadcrumbs_links_hover_color":"#a7c6a1","ocean_display_footer_widgets":"default","ocean_display_footer_bottom":"default","ocean_custom_footer_template":"0"},"product_brand":[],"product_cat":[68],"product_tag":[75],"class_list":{"0":"post-2653","1":"product","2":"type-product","3":"status-publish","4":"has-post-thumbnail","6":"product_cat-enfant_besoins","7":"product_tag-videoformation","9":"entry","10":"has-media","12":"first","13":"instock","14":"virtual","15":"purchasable","16":"product-type-simple","17":"has-product-nav","18":"col","19":"span_1_of_4","20":"owp-content-center","21":"owp-thumbs-layout-horizontal","22":"owp-btn-normal","23":"owp-tabs-layout-horizontal","24":"has-no-thumbnails"},"yoast_head":"<!-- This site is optimized with the Yoast SEO plugin v27.4 - https:\/\/yoast.com\/product\/yoast-seo-wordpress\/ -->\n<title>Et si nous \u00e9vitions l\u2019adultomorphisme ! Un cerveau d\u00e9j\u00e0 structur\u00e9 d\u00e8s la naissance mais encore immature MonAtsem - Formations en ligne pour ATSEM<\/title>\n<meta name=\"description\" content=\"Adapter sa pratique professionnelle en prenant en compte les connaissances relatives au d\u00e9veloppement du cerveau de l\u2019enfant\" \/>\n<meta name=\"robots\" content=\"index, follow, max-snippet:-1, max-image-preview:large, max-video-preview:-1\" \/>\n<link rel=\"canonical\" href=\"https:\/\/monatsem.com\/?product=un-cerveau-deja-structure-des-la-naissance\" \/>\n<meta property=\"og:locale\" content=\"fr_FR\" \/>\n<meta property=\"og:type\" content=\"article\" \/>\n<meta property=\"og:title\" content=\"Et si nous \u00e9vitions l\u2019adultomorphisme ! Un cerveau d\u00e9j\u00e0 structur\u00e9 d\u00e8s la naissance mais encore immature MonAtsem - Formations en ligne pour ATSEM\" \/>\n<meta property=\"og:description\" content=\"Adapter sa pratique professionnelle en prenant en compte les connaissances relatives au d\u00e9veloppement du cerveau de l\u2019enfant\" \/>\n<meta property=\"og:url\" content=\"https:\/\/monatsem.com\/?product=un-cerveau-deja-structure-des-la-naissance\" \/>\n<meta property=\"og:site_name\" content=\"MonAtsem - Formations en ligne pour ATSEM\" \/>\n<meta property=\"article:publisher\" content=\"https:\/\/www.facebook.com\/people\/Monatsem\/61556720673329\/\" \/>\n<meta property=\"article:modified_time\" content=\"2024-12-24T15:29:21+00:00\" \/>\n<meta property=\"og:image\" content=\"https:\/\/monatsem.com\/wp-content\/uploads\/2024\/03\/solo-blocs.webp\" \/>\n\t<meta property=\"og:image:width\" content=\"1920\" \/>\n\t<meta property=\"og:image:height\" content=\"1280\" \/>\n\t<meta property=\"og:image:type\" content=\"image\/webp\" \/>\n<meta name=\"twitter:card\" content=\"summary_large_image\" \/>\n<meta name=\"twitter:label1\" content=\"Dur\u00e9e de lecture estim\u00e9e\" \/>\n\t<meta name=\"twitter:data1\" content=\"1 minute\" \/>\n<script type=\"application\/ld+json\" class=\"yoast-schema-graph\">{\"@context\":\"https:\\\/\\\/schema.org\",\"@graph\":[{\"@type\":\"WebPage\",\"@id\":\"https:\\\/\\\/monatsem.com\\\/?product=un-cerveau-deja-structure-des-la-naissance\",\"url\":\"https:\\\/\\\/monatsem.com\\\/?product=un-cerveau-deja-structure-des-la-naissance\",\"name\":\"Et si nous \u00e9vitions l\u2019adultomorphisme ! Un cerveau d\u00e9j\u00e0 structur\u00e9 d\u00e8s la naissance mais encore immature MonAtsem - Formations en ligne pour ATSEM\",\"isPartOf\":{\"@id\":\"https:\\\/\\\/monatsem.com\\\/#website\"},\"primaryImageOfPage\":{\"@id\":\"https:\\\/\\\/monatsem.com\\\/?product=un-cerveau-deja-structure-des-la-naissance#primaryimage\"},\"image\":{\"@id\":\"https:\\\/\\\/monatsem.com\\\/?product=un-cerveau-deja-structure-des-la-naissance#primaryimage\"},\"thumbnailUrl\":\"https:\\\/\\\/monatsem.com\\\/wp-content\\\/uploads\\\/2024\\\/03\\\/solo-blocs.webp\",\"datePublished\":\"2024-07-05T22:01:44+00:00\",\"dateModified\":\"2024-12-24T15:29:21+00:00\",\"description\":\"Adapter sa pratique professionnelle en prenant en compte les connaissances relatives au d\u00e9veloppement du cerveau de l\u2019enfant\",\"breadcrumb\":{\"@id\":\"https:\\\/\\\/monatsem.com\\\/?product=un-cerveau-deja-structure-des-la-naissance#breadcrumb\"},\"inLanguage\":\"fr-FR\",\"potentialAction\":[{\"@type\":\"ReadAction\",\"target\":[\"https:\\\/\\\/monatsem.com\\\/?product=un-cerveau-deja-structure-des-la-naissance\"]}]},{\"@type\":\"ImageObject\",\"inLanguage\":\"fr-FR\",\"@id\":\"https:\\\/\\\/monatsem.com\\\/?product=un-cerveau-deja-structure-des-la-naissance#primaryimage\",\"url\":\"https:\\\/\\\/monatsem.com\\\/wp-content\\\/uploads\\\/2024\\\/03\\\/solo-blocs.webp\",\"contentUrl\":\"https:\\\/\\\/monatsem.com\\\/wp-content\\\/uploads\\\/2024\\\/03\\\/solo-blocs.webp\",\"width\":1920,\"height\":1280,\"caption\":\"Formations en ligne pour ATSEM\"},{\"@type\":\"BreadcrumbList\",\"@id\":\"https:\\\/\\\/monatsem.com\\\/?product=un-cerveau-deja-structure-des-la-naissance#breadcrumb\",\"itemListElement\":[{\"@type\":\"ListItem\",\"position\":1,\"name\":\"Accueil\",\"item\":\"https:\\\/\\\/monatsem.com\\\/\"},{\"@type\":\"ListItem\",\"position\":2,\"name\":\"Boutique\",\"item\":\"https:\\\/\\\/monatsem.com\\\/?page_id=2574\"},{\"@type\":\"ListItem\",\"position\":3,\"name\":\"Et si nous \u00e9vitions l\u2019adultomorphisme ! Un cerveau d\u00e9j\u00e0 structur\u00e9 d\u00e8s la naissance mais encore immature\"}]},{\"@type\":\"WebSite\",\"@id\":\"https:\\\/\\\/monatsem.com\\\/#website\",\"url\":\"https:\\\/\\\/monatsem.com\\\/\",\"name\":\"Mon Atsem.com - Des formations en ligne et des ressources pour les pratiques professionnelles des ATSEM et les structures de la petite enfance\",\"description\":\"Des formations en ligne pour accompagner le m&eacute;tier des ATSEM\",\"publisher\":{\"@id\":\"https:\\\/\\\/monatsem.com\\\/#organization\"},\"potentialAction\":[{\"@type\":\"SearchAction\",\"target\":{\"@type\":\"EntryPoint\",\"urlTemplate\":\"https:\\\/\\\/monatsem.com\\\/?s={search_term_string}\"},\"query-input\":{\"@type\":\"PropertyValueSpecification\",\"valueRequired\":true,\"valueName\":\"search_term_string\"}}],\"inLanguage\":\"fr-FR\"},{\"@type\":\"Organization\",\"@id\":\"https:\\\/\\\/monatsem.com\\\/#organization\",\"name\":\"Mon Atsem\",\"url\":\"https:\\\/\\\/monatsem.com\\\/\",\"logo\":{\"@type\":\"ImageObject\",\"inLanguage\":\"fr-FR\",\"@id\":\"https:\\\/\\\/monatsem.com\\\/#\\\/schema\\\/logo\\\/image\\\/\",\"url\":\"https:\\\/\\\/monatsem.com\\\/wp-content\\\/uploads\\\/2024\\\/04\\\/Logo-base-transp.png\",\"contentUrl\":\"https:\\\/\\\/monatsem.com\\\/wp-content\\\/uploads\\\/2024\\\/04\\\/Logo-base-transp.png\",\"width\":233,\"height\":146,\"caption\":\"Mon Atsem\"},\"image\":{\"@id\":\"https:\\\/\\\/monatsem.com\\\/#\\\/schema\\\/logo\\\/image\\\/\"},\"sameAs\":[\"https:\\\/\\\/www.facebook.com\\\/people\\\/Monatsem\\\/61556720673329\\\/\",\"https:\\\/\\\/www.linkedin.com\\\/company\\\/monatsem\\\/\"]}]}<\/script>\n<!-- \/ Yoast SEO plugin. -->","yoast_head_json":{"title":"Et si nous \u00e9vitions l\u2019adultomorphisme ! Un cerveau d\u00e9j\u00e0 structur\u00e9 d\u00e8s la naissance mais encore immature MonAtsem - Formations en ligne pour ATSEM","description":"Adapter sa pratique professionnelle en prenant en compte les connaissances relatives au d\u00e9veloppement du cerveau de l\u2019enfant","robots":{"index":"index","follow":"follow","max-snippet":"max-snippet:-1","max-image-preview":"max-image-preview:large","max-video-preview":"max-video-preview:-1"},"canonical":"https:\/\/monatsem.com\/?product=un-cerveau-deja-structure-des-la-naissance","og_locale":"fr_FR","og_type":"article","og_title":"Et si nous \u00e9vitions l\u2019adultomorphisme ! Un cerveau d\u00e9j\u00e0 structur\u00e9 d\u00e8s la naissance mais encore immature MonAtsem - Formations en ligne pour ATSEM","og_description":"Adapter sa pratique professionnelle en prenant en compte les connaissances relatives au d\u00e9veloppement du cerveau de l\u2019enfant","og_url":"https:\/\/monatsem.com\/?product=un-cerveau-deja-structure-des-la-naissance","og_site_name":"MonAtsem - Formations en ligne pour ATSEM","article_publisher":"https:\/\/www.facebook.com\/people\/Monatsem\/61556720673329\/","article_modified_time":"2024-12-24T15:29:21+00:00","og_image":[{"width":1920,"height":1280,"url":"https:\/\/monatsem.com\/wp-content\/uploads\/2024\/03\/solo-blocs.webp","type":"image\/webp"}],"twitter_card":"summary_large_image","twitter_misc":{"Dur\u00e9e de lecture estim\u00e9e":"1 minute"},"schema":{"@context":"https:\/\/schema.org","@graph":[{"@type":"WebPage","@id":"https:\/\/monatsem.com\/?product=un-cerveau-deja-structure-des-la-naissance","url":"https:\/\/monatsem.com\/?product=un-cerveau-deja-structure-des-la-naissance","name":"Et si nous \u00e9vitions l\u2019adultomorphisme ! Un cerveau d\u00e9j\u00e0 structur\u00e9 d\u00e8s la naissance mais encore immature MonAtsem - Formations en ligne pour ATSEM","isPartOf":{"@id":"https:\/\/monatsem.com\/#website"},"primaryImageOfPage":{"@id":"https:\/\/monatsem.com\/?product=un-cerveau-deja-structure-des-la-naissance#primaryimage"},"image":{"@id":"https:\/\/monatsem.com\/?product=un-cerveau-deja-structure-des-la-naissance#primaryimage"},"thumbnailUrl":"https:\/\/monatsem.com\/wp-content\/uploads\/2024\/03\/solo-blocs.webp","datePublished":"2024-07-05T22:01:44+00:00","dateModified":"2024-12-24T15:29:21+00:00","description":"Adapter sa pratique professionnelle en prenant en compte les connaissances relatives au d\u00e9veloppement du cerveau de l\u2019enfant","breadcrumb":{"@id":"https:\/\/monatsem.com\/?product=un-cerveau-deja-structure-des-la-naissance#breadcrumb"},"inLanguage":"fr-FR","potentialAction":[{"@type":"ReadAction","target":["https:\/\/monatsem.com\/?product=un-cerveau-deja-structure-des-la-naissance"]}]},{"@type":"ImageObject","inLanguage":"fr-FR","@id":"https:\/\/monatsem.com\/?product=un-cerveau-deja-structure-des-la-naissance#primaryimage","url":"https:\/\/monatsem.com\/wp-content\/uploads\/2024\/03\/solo-blocs.webp","contentUrl":"https:\/\/monatsem.com\/wp-content\/uploads\/2024\/03\/solo-blocs.webp","width":1920,"height":1280,"caption":"Formations en ligne pour ATSEM"},{"@type":"BreadcrumbList","@id":"https:\/\/monatsem.com\/?product=un-cerveau-deja-structure-des-la-naissance#breadcrumb","itemListElement":[{"@type":"ListItem","position":1,"name":"Accueil","item":"https:\/\/monatsem.com\/"},{"@type":"ListItem","position":2,"name":"Boutique","item":"https:\/\/monatsem.com\/?page_id=2574"},{"@type":"ListItem","position":3,"name":"Et si nous \u00e9vitions l\u2019adultomorphisme ! Un cerveau d\u00e9j\u00e0 structur\u00e9 d\u00e8s la naissance mais encore immature"}]},{"@type":"WebSite","@id":"https:\/\/monatsem.com\/#website","url":"https:\/\/monatsem.com\/","name":"Mon Atsem.com - Des formations en ligne et des ressources pour les pratiques professionnelles des ATSEM et les structures de la petite enfance","description":"Des formations en ligne pour accompagner le m&eacute;tier des ATSEM","publisher":{"@id":"https:\/\/monatsem.com\/#organization"},"potentialAction":[{"@type":"SearchAction","target":{"@type":"EntryPoint","urlTemplate":"https:\/\/monatsem.com\/?s={search_term_string}"},"query-input":{"@type":"PropertyValueSpecification","valueRequired":true,"valueName":"search_term_string"}}],"inLanguage":"fr-FR"},{"@type":"Organization","@id":"https:\/\/monatsem.com\/#organization","name":"Mon Atsem","url":"https:\/\/monatsem.com\/","logo":{"@type":"ImageObject","inLanguage":"fr-FR","@id":"https:\/\/monatsem.com\/#\/schema\/logo\/image\/","url":"https:\/\/monatsem.com\/wp-content\/uploads\/2024\/04\/Logo-base-transp.png","contentUrl":"https:\/\/monatsem.com\/wp-content\/uploads\/2024\/04\/Logo-base-transp.png","width":233,"height":146,"caption":"Mon Atsem"},"image":{"@id":"https:\/\/monatsem.com\/#\/schema\/logo\/image\/"},"sameAs":["https:\/\/www.facebook.com\/people\/Monatsem\/61556720673329\/","https:\/\/www.linkedin.com\/company\/monatsem\/"]}]}},"_links":{"self":[{"href":"https:\/\/monatsem.com\/index.php?rest_route=\/wp\/v2\/product\/2653","targetHints":{"allow":["GET"]}}],"collection":[{"href":"https:\/\/monatsem.com\/index.php?rest_route=\/wp\/v2\/product"}],"about":[{"href":"https:\/\/monatsem.com\/index.php?rest_route=\/wp\/v2\/types\/product"}],"replies":[{"embeddable":true,"href":"https:\/\/monatsem.com\/index.php?rest_route=%2Fwp%2Fv2%2Fcomments&post=2653"}],"version-history":[{"count":3,"href":"https:\/\/monatsem.com\/index.php?rest_route=\/wp\/v2\/product\/2653\/revisions"}],"predecessor-version":[{"id":2943,"href":"https:\/\/monatsem.com\/index.php?rest_route=\/wp\/v2\/product\/2653\/revisions\/2943"}],"wp:featuredmedia":[{"embeddable":true,"href":"https:\/\/monatsem.com\/index.php?rest_route=\/wp\/v2\/media\/1370"}],"wp:attachment":[{"href":"https:\/\/monatsem.com\/index.php?rest_route=%2Fwp%2Fv2%2Fmedia&parent=2653"}],"wp:term":[{"taxonomy":"product_brand","embeddable":true,"href":"https:\/\/monatsem.com\/index.php?rest_route=%2Fwp%2Fv2%2Fproduct_brand&post=2653"},{"taxonomy":"product_cat","embeddable":true,"href":"https:\/\/monatsem.com\/index.php?rest_route=%2Fwp%2Fv2%2Fproduct_cat&post=2653"},{"taxonomy":"product_tag","embeddable":true,"href":"https:\/\/monatsem.com\/index.php?rest_route=%2Fwp%2Fv2%2Fproduct_tag&post=2653"}],"curies":[{"name":"wp","href":"https:\/\/api.w.org\/{rel}","templated":true}]}}