{"id":1965,"date":"2024-04-30T07:49:21","date_gmt":"2024-04-30T07:49:21","guid":{"rendered":"https:\/\/monatsem.com\/?page_id=1965"},"modified":"2024-04-30T07:54:49","modified_gmt":"2024-04-30T07:54:49","slug":"mentions-legales","status":"publish","type":"page","link":"https:\/\/monatsem.com\/?page_id=1965","title":{"rendered":"Mentions l\u00e9gales"},"content":{"rendered":"\t\t<div data-elementor-type=\"wp-page\" data-elementor-id=\"1965\" class=\"elementor elementor-1965\">\n\t\t\t\t\t\t<section class=\"elementor-section elementor-top-section elementor-element elementor-element-d79abdb elementor-section-full_width elementor-section-height-min-height elementor-section-height-default elementor-section-items-middle\" data-id=\"d79abdb\" data-element_type=\"section\" data-e-type=\"section\" data-settings=\"{&quot;background_background&quot;:&quot;classic&quot;}\">\n\t\t\t\t\t\t\t<div class=\"elementor-background-overlay\"><\/div>\n\t\t\t\t\t\t\t<div class=\"elementor-container elementor-column-gap-no\">\n\t\t\t\t\t<div class=\"elementor-column elementor-col-100 elementor-top-column elementor-element elementor-element-c511322\" data-id=\"c511322\" data-element_type=\"column\" data-e-type=\"column\">\n\t\t\t<div class=\"elementor-widget-wrap elementor-element-populated\">\n\t\t\t\t\t\t<div class=\"elementor-element elementor-element-0f5c06f elementor-widget elementor-widget-heading\" data-id=\"0f5c06f\" data-element_type=\"widget\" data-e-type=\"widget\" data-widget_type=\"heading.default\">\n\t\t\t\t<div class=\"elementor-widget-container\">\n\t\t\t\t\t<h2 class=\"elementor-heading-title elementor-size-default\">Mentions l\u00e9gales<\/h2>\t\t\t\t<\/div>\n\t\t\t\t<\/div>\n\t\t\t\t\t<\/div>\n\t\t<\/div>\n\t\t\t\t\t<\/div>\n\t\t<\/section>\n\t\t<div class=\"elementor-element elementor-element-cec64f9 e-flex e-con-boxed e-con e-parent\" data-id=\"cec64f9\" data-element_type=\"container\" data-e-type=\"container\">\n\t\t\t\t\t<div class=\"e-con-inner\">\n\t\t<div class=\"elementor-element elementor-element-7e30ceb e-con-full e-flex e-con e-child\" data-id=\"7e30ceb\" data-element_type=\"container\" data-e-type=\"container\">\n\t\t\t\t<div class=\"elementor-element elementor-element-89cbde6 elementor-widget elementor-widget-text-editor\" data-id=\"89cbde6\" data-element_type=\"widget\" data-e-type=\"widget\" data-widget_type=\"text-editor.default\">\n\t\t\t\t<div class=\"elementor-widget-container\">\n\t\t\t\t\t\t\t\t\t<header class=\"entry-header \"><div class=\"entry-header-inner\"><h3 class=\"entry-title\" style=\"text-align: center;\"><span style=\"color: #ff6600;\">Mentions L\u00e9gales \u2013 Conditions d\u2019utilisation<\/span><\/h3><\/div><\/header><div class=\"post-entry tc-content-inner\"><section class=\"post-content entry-content \"><div class=\"czr-wp-the-content\"><p>La poursuite de la navigation sur ce site par l\u2019utilisateur (ci-apr\u00e8s l\u2019\u00ab\u00a0<strong>Utilisateur<\/strong>\u00a0\u00bb) vaut acceptation sans r\u00e9serve des dispositions et conditions d\u2019utilisation ci-apr\u00e8s expos\u00e9es.<\/p><p>La pr\u00e9sente version des conditions d\u2019utilisation est la seule opposable pendant toute la dur\u00e9e d\u2019utilisation du site, et ce jusqu\u2019\u00e0 ce qu\u2019une nouvelle version la remplace.<\/p><p><strong><u>INFORMATIONS LEGALES<\/u><\/strong><\/p><ul><li><strong>Site<\/strong>\u00a0<strong>internet<\/strong> : https:\/\/monatsem.com\u00a0 (ci-apr\u00e8s le \u00ab <strong>Site<\/strong>\u00a0\u00bb).<\/li><li><strong>\u00c9diteur\u00a0<\/strong>: S\u00e9verine GREUSARD, auto-entrepreneuse<\/li><li><strong>Num\u00e9ro de SIRET<\/strong> : 912 194 792 00012 (LYON)<\/li><li><strong>Adresse mail<\/strong> : monatsem69@gmail.com<\/li><li><strong>Directrice de la publication<\/strong> : S\u00e9verine GREUSARD<\/li><li><strong>H\u00e9bergeur<\/strong> : IONOS &#8211; 7, place de la Gare &#8211; BP 70109 &#8211; 57201 SARREGUEMINES<\/li><\/ul><p><strong><u>ACCES AU SITE<\/u><\/strong><\/p><p>L\u2019acc\u00e8s au Site et son utilisation sont r\u00e9serv\u00e9s \u00e0 un usage personnel. L\u2019Utilisateur s\u2019engage \u00e0 ne pas utiliser ce Site et les informations ou donn\u00e9es qui y figurent \u00e0 des fins commerciales (notamment pour toute forme de sollicitation commerciale), politiques et\/ou publicitaires.<\/p><p><strong><u>CONTENU DU SITE \u2013 PROPRIETE INTELLECTUELLE<\/u><\/strong><\/p><p>Le contenu du Site incluant les marques, photographies, textes, commentaires, illustrations, images anim\u00e9es ou non, s\u00e9quences vid\u00e9o, sons, ainsi que toutes les applications informatiques qui pourraient \u00eatre utilis\u00e9es pour faire fonctionner ce Site, et plus g\u00e9n\u00e9ralement tous les \u00e9l\u00e9ments reproduits ou utilis\u00e9s sur le Site, sont la propri\u00e9t\u00e9 pleine et enti\u00e8re de l\u2019Editeur (ou de ses partenaires) et sont prot\u00e9g\u00e9s par les lois en vigueur au titre de la propri\u00e9t\u00e9 intellectuelle.<\/p><p>Toute reproduction, repr\u00e9sentation, utilisation ou adaptation, sous quelque forme que ce soit, de tout ou partie de ces \u00e9l\u00e9ments, y compris les applications informatiques, sont strictement interdites sauf accord expr\u00e8s, pr\u00e9alable et \u00e9crit de l\u2019Editeur.<\/p><p>Le fait pour l\u2019Editeur de ne pas engager de proc\u00e9dure d\u00e8s la prise de connaissance de ces utilisations non autoris\u00e9es ne saurait valoir acceptation desdites utilisations et renonciation aux poursuites.<\/p><p><strong><u>PHOTOGRAPHIES\u00a0<\/u><\/strong><\/p><p>Les photographies accompagnant la description des services propos\u00e9s sur le Site ne sont pas contractuelles et n\u2019engagent pas l\u2019Editeur.<\/p><p><strong><u>RESPONSABILITE<\/u><\/strong><\/p><p>La responsabilit\u00e9 de l\u2019Editeur ne peut \u00eatre engag\u00e9e en cas de d\u00e9faillance, panne, difficult\u00e9 ou interruption de fonctionnement emp\u00eachant l\u2019acc\u00e8s au Site ou \u00e0 une de ses fonctionnalit\u00e9s.<\/p><p>Le mat\u00e9riel de connexion au Site utilis\u00e9 par l\u2019Utilisateur est sous son enti\u00e8re responsabilit\u00e9. L\u2019Utilisateur doit prendre toutes les mesures appropri\u00e9es pour prot\u00e9ger son mat\u00e9riel et ses propres donn\u00e9es, notamment en cas d\u2019attaques virales par Internet.<\/p><p>Tout contenu t\u00e9l\u00e9charg\u00e9 sur le Site se fait sous la seule responsabilit\u00e9 de l\u2019Utilisateur, l\u2019Editeur ne pouvant \u00eatre tenu responsable d\u2019un quelconque dommage subi par son ordinateur ou d\u2019une quelconque perte de donn\u00e9es cons\u00e9cutives au t\u00e9l\u00e9chargement.<\/p><p>L\u2019Utilisateur est par ailleurs le seul responsable des sites et donn\u00e9es qu\u2019il consulte.<\/p><p>L\u2019Editeur ne pourra \u00eatre tenu responsable en cas de poursuites judiciaires \u00e0 l\u2019encontre\u00a0de l\u2019Utilisateur du fait, notamment, de l\u2019usage du Site ou de tout service accessible\u00a0via\u00a0Internet ou du non-respect par l\u2019Utilisateur des pr\u00e9sentes conditions.<\/p><p>L\u2019Editeur n\u2019est pas responsable des dommages caus\u00e9s \u00e0 l\u2019Utilisateur, \u00e0 des tiers et\/ou \u00e0 l\u2019\u00e9quipement de l\u2019Utilisateur du fait de sa connexion ou de son utilisation du Site. L\u2019Utilisateur renonce \u00e0 toute action contre l\u2019Editeur de ce fait.<\/p><p>Si l\u2019Editeur venait \u00e0 faire l\u2019objet d\u2019une proc\u00e9dure amiable ou judiciaire \u00e0 raison de l\u2019utilisation du Site par l\u2019Utilisateur, il pourra se retourner contre lui afin d\u2019obtenir indemnisation de tous les pr\u00e9judices, sommes, condamnations et frais qui pourraient d\u00e9couler de cette proc\u00e9dure.<\/p><p><strong><u>LIENS HYPERTEXTES<\/u><\/strong><\/p><p>La mise en place par l\u2019Utilisateur de tous liens hypertextes vers tout ou partie du Site est strictement interdite, sauf autorisation expresse, pr\u00e9alable et \u00e9crite de l\u2019Editeur, sollicit\u00e9e par courriel adress\u00e9 \u00e0 monatsem69@gmail.com<\/p><p>L\u2019Editeur est libre de refuser cette autorisation sans avoir \u00e0 justifier son refus. Dans le cas o\u00f9 l\u2019Editeur accorderait son autorisation, celle-ci sera temporaire et pourra \u00eatre retir\u00e9e \u00e0 tout moment, sans justification.<\/p><p>Dans tous les cas, tout lien devra \u00eatre retir\u00e9 sur simple demande de l\u2019Editeur.<\/p><p>Par ailleurs, toute information accessible\u00a0via\u00a0un lien hypertexte pr\u00e9sent sur le Site vers d\u2019autres sites internet n\u2019est pas sous le contr\u00f4le de l\u2019Editeur qui d\u00e9cline toute responsabilit\u00e9 quant \u00e0 leur contenu.<\/p><p><strong><u>GESTION DU SITE<\/u><\/strong><\/p><p>Pour la bonne gestion du Site, l\u2019Editeur pourra \u00e0 tout moment\u00a0:<\/p><ul><li>suspendre, interrompre ou limiter l\u2019acc\u00e8s \u00e0 tout ou partie du Site, r\u00e9server l\u2019acc\u00e8s au Site ou \u00e0 certaines de ses parties, \u00e0 une cat\u00e9gorie d\u00e9termin\u00e9e d\u2019Utilisateurs\u00a0;<\/li><li>supprimer toute information pouvant perturber le fonctionnement du Site ou entrant en contravention avec tout l\u00e9gislation ou r\u00e9glementation en vigueur\u00a0;<\/li><li>suspendre l\u2019acc\u00e8s au Site afin de proc\u00e9der \u00e0 des mises \u00e0 jour.<\/li><\/ul><p><strong><u>TRAITEMENT DES DONNEES PERSONNELLES \u2013 COOKIES<\/u><\/strong><\/p><p>Pour en savoir plus, consultez nos Politiques de Protection des Donn\u00e9es Personnelles et de<\/p><p>Gestion des Cookies.<\/p><p><strong><u>LOI APPLICABLE \u2013 ATTRIBUTION DE COMPETENCE<\/u><\/strong><\/p><p>Les pr\u00e9sentes conditions d\u2019utilisation du Site sont r\u00e9gies par le droit fran\u00e7ais.<\/p><p>Tous litiges qui pourraient na\u00eetre de ces conditions d\u2019utilisation, et notamment de leur interpr\u00e9tation ou ex\u00e9cution, seront de la comp\u00e9tence exclusive des tribunaux dont d\u00e9pend le si\u00e8ge social de l\u2019Editeur.<\/p><p>La langue de r\u00e9f\u00e9rence, pour le r\u00e8glement de contentieux \u00e9ventuels, est le fran\u00e7ais.<\/p><\/div><\/section><\/div>\t\t\t\t\t\t\t\t<\/div>\n\t\t\t\t<\/div>\n\t\t\t\t<\/div>\n\t\t\t\t\t<\/div>\n\t\t\t\t<\/div>\n\t\t\t\t<\/div>\n\t\t","protected":false},"excerpt":{"rendered":"<p>Mentions l\u00e9gales Mentions L\u00e9gales \u2013 Conditions d\u2019utilisation La poursuite de la navigation sur ce site par l\u2019utilisateur (ci-apr\u00e8s l\u2019\u00ab\u00a0Utilisateur\u00a0\u00bb) vaut acceptation sans r\u00e9serve des dispositions et conditions d\u2019utilisation ci-apr\u00e8s expos\u00e9es. La pr\u00e9sente version des conditions d\u2019utilisation est la seule opposable pendant toute la dur\u00e9e d\u2019utilisation du site, et ce jusqu\u2019\u00e0 ce qu\u2019une nouvelle version la [&hellip;]<\/p>\n","protected":false},"author":5,"featured_media":0,"parent":0,"menu_order":0,"comment_status":"closed","ping_status":"closed","template":"elementor_header_footer","meta":{"ocean_post_layout":"","ocean_both_sidebars_style":"","ocean_both_sidebars_content_width":0,"ocean_both_sidebars_sidebars_width":0,"ocean_sidebar":"","ocean_second_sidebar":"","ocean_disable_margins":"enable","ocean_add_body_class":"","ocean_shortcode_before_top_bar":"","ocean_shortcode_after_top_bar":"","ocean_shortcode_before_header":"","ocean_shortcode_after_header":"","ocean_has_shortcode":"","ocean_shortcode_after_title":"","ocean_shortcode_before_footer_widgets":"","ocean_shortcode_after_footer_widgets":"","ocean_shortcode_before_footer_bottom":"","ocean_shortcode_after_footer_bottom":"","ocean_display_top_bar":"default","ocean_display_header":"default","ocean_header_style":"","ocean_center_header_left_menu":"","ocean_custom_header_template":"","ocean_custom_logo":0,"ocean_custom_retina_logo":0,"ocean_custom_logo_max_width":0,"ocean_custom_logo_tablet_max_width":0,"ocean_custom_logo_mobile_max_width":0,"ocean_custom_logo_max_height":0,"ocean_custom_logo_tablet_max_height":0,"ocean_custom_logo_mobile_max_height":0,"ocean_header_custom_menu":"","ocean_menu_typo_font_family":"","ocean_menu_typo_font_subset":"","ocean_menu_typo_font_size":0,"ocean_menu_typo_font_size_tablet":0,"ocean_menu_typo_font_size_mobile":0,"ocean_menu_typo_font_size_unit":"px","ocean_menu_typo_font_weight":"","ocean_menu_typo_font_weight_tablet":"","ocean_menu_typo_font_weight_mobile":"","ocean_menu_typo_transform":"","ocean_menu_typo_transform_tablet":"","ocean_menu_typo_transform_mobile":"","ocean_menu_typo_line_height":0,"ocean_menu_typo_line_height_tablet":0,"ocean_menu_typo_line_height_mobile":0,"ocean_menu_typo_line_height_unit":"","ocean_menu_typo_spacing":0,"ocean_menu_typo_spacing_tablet":0,"ocean_menu_typo_spacing_mobile":0,"ocean_menu_typo_spacing_unit":"","ocean_menu_link_color":"","ocean_menu_link_color_hover":"","ocean_menu_link_color_active":"","ocean_menu_link_background":"","ocean_menu_link_hover_background":"","ocean_menu_link_active_background":"","ocean_menu_social_links_bg":"","ocean_menu_social_hover_links_bg":"","ocean_menu_social_links_color":"","ocean_menu_social_hover_links_color":"","ocean_disable_title":"default","ocean_disable_heading":"default","ocean_post_title":"","ocean_post_subheading":"","ocean_post_title_style":"","ocean_post_title_background_color":"","ocean_post_title_background":0,"ocean_post_title_bg_image_position":"","ocean_post_title_bg_image_attachment":"","ocean_post_title_bg_image_repeat":"","ocean_post_title_bg_image_size":"","ocean_post_title_height":0,"ocean_post_title_bg_overlay":0.5,"ocean_post_title_bg_overlay_color":"","ocean_disable_breadcrumbs":"default","ocean_breadcrumbs_color":"","ocean_breadcrumbs_separator_color":"","ocean_breadcrumbs_links_color":"","ocean_breadcrumbs_links_hover_color":"","ocean_display_footer_widgets":"default","ocean_display_footer_bottom":"default","ocean_custom_footer_template":"","footnotes":""},"class_list":["post-1965","page","type-page","status-publish","hentry","entry","owp-thumbs-layout-horizontal","owp-btn-normal","owp-tabs-layout-horizontal","has-no-thumbnails","has-product-nav"],"yoast_head":"<!-- This site is optimized with the Yoast SEO plugin v27.4 - https:\/\/yoast.com\/product\/yoast-seo-wordpress\/ -->\n<title>mentions l\u00e9gales<\/title>\n<meta name=\"description\" content=\"Retrouvez les r\u00e8gles d&#039;utilisation et les mentions l\u00e9gales du site\" \/>\n<meta name=\"robots\" content=\"index, follow, max-snippet:-1, max-image-preview:large, max-video-preview:-1\" \/>\n<link rel=\"canonical\" href=\"https:\/\/monatsem.com\/?page_id=1965\" \/>\n<meta property=\"og:locale\" content=\"fr_FR\" \/>\n<meta property=\"og:type\" content=\"article\" \/>\n<meta property=\"og:title\" content=\"mentions l\u00e9gales\" \/>\n<meta property=\"og:description\" content=\"Retrouvez les r\u00e8gles d&#039;utilisation et les mentions l\u00e9gales du site\" \/>\n<meta property=\"og:url\" content=\"https:\/\/monatsem.com\/?page_id=1965\" \/>\n<meta property=\"og:site_name\" content=\"MonAtsem - Formations en ligne pour ATSEM\" \/>\n<meta property=\"article:publisher\" content=\"https:\/\/www.facebook.com\/people\/Monatsem\/61556720673329\/\" \/>\n<meta property=\"article:modified_time\" content=\"2024-04-30T07:54:49+00:00\" \/>\n<meta property=\"og:image\" content=\"https:\/\/monatsem.com\/wp-content\/uploads\/2024\/04\/Logo-base-transp.png\" \/>\n\t<meta property=\"og:image:width\" content=\"233\" \/>\n\t<meta property=\"og:image:height\" content=\"146\" \/>\n\t<meta property=\"og:image:type\" content=\"image\/png\" \/>\n<meta name=\"twitter:card\" content=\"summary_large_image\" \/>\n<meta name=\"twitter:label1\" content=\"Dur\u00e9e de lecture estim\u00e9e\" \/>\n\t<meta name=\"twitter:data1\" content=\"5 minutes\" \/>\n<script type=\"application\/ld+json\" class=\"yoast-schema-graph\">{\"@context\":\"https:\\\/\\\/schema.org\",\"@graph\":[{\"@type\":\"WebPage\",\"@id\":\"https:\\\/\\\/monatsem.com\\\/?page_id=1965\",\"url\":\"https:\\\/\\\/monatsem.com\\\/?page_id=1965\",\"name\":\"mentions l\u00e9gales\",\"isPartOf\":{\"@id\":\"https:\\\/\\\/monatsem.com\\\/#website\"},\"datePublished\":\"2024-04-30T07:49:21+00:00\",\"dateModified\":\"2024-04-30T07:54:49+00:00\",\"description\":\"Retrouvez les r\u00e8gles d'utilisation et les mentions l\u00e9gales du site\",\"breadcrumb\":{\"@id\":\"https:\\\/\\\/monatsem.com\\\/?page_id=1965#breadcrumb\"},\"inLanguage\":\"fr-FR\",\"potentialAction\":[{\"@type\":\"ReadAction\",\"target\":[\"https:\\\/\\\/monatsem.com\\\/?page_id=1965\"]}]},{\"@type\":\"BreadcrumbList\",\"@id\":\"https:\\\/\\\/monatsem.com\\\/?page_id=1965#breadcrumb\",\"itemListElement\":[{\"@type\":\"ListItem\",\"position\":1,\"name\":\"Accueil\",\"item\":\"https:\\\/\\\/monatsem.com\\\/\"},{\"@type\":\"ListItem\",\"position\":2,\"name\":\"Mentions l\u00e9gales\"}]},{\"@type\":\"WebSite\",\"@id\":\"https:\\\/\\\/monatsem.com\\\/#website\",\"url\":\"https:\\\/\\\/monatsem.com\\\/\",\"name\":\"Mon Atsem.com - Des formations en ligne et des ressources pour les pratiques professionnelles des ATSEM et les structures de la petite enfance\",\"description\":\"Des formations en ligne pour accompagner le m&eacute;tier des ATSEM\",\"publisher\":{\"@id\":\"https:\\\/\\\/monatsem.com\\\/#organization\"},\"potentialAction\":[{\"@type\":\"SearchAction\",\"target\":{\"@type\":\"EntryPoint\",\"urlTemplate\":\"https:\\\/\\\/monatsem.com\\\/?s={search_term_string}\"},\"query-input\":{\"@type\":\"PropertyValueSpecification\",\"valueRequired\":true,\"valueName\":\"search_term_string\"}}],\"inLanguage\":\"fr-FR\"},{\"@type\":\"Organization\",\"@id\":\"https:\\\/\\\/monatsem.com\\\/#organization\",\"name\":\"Mon Atsem\",\"url\":\"https:\\\/\\\/monatsem.com\\\/\",\"logo\":{\"@type\":\"ImageObject\",\"inLanguage\":\"fr-FR\",\"@id\":\"https:\\\/\\\/monatsem.com\\\/#\\\/schema\\\/logo\\\/image\\\/\",\"url\":\"https:\\\/\\\/monatsem.com\\\/wp-content\\\/uploads\\\/2024\\\/04\\\/Logo-base-transp.png\",\"contentUrl\":\"https:\\\/\\\/monatsem.com\\\/wp-content\\\/uploads\\\/2024\\\/04\\\/Logo-base-transp.png\",\"width\":233,\"height\":146,\"caption\":\"Mon Atsem\"},\"image\":{\"@id\":\"https:\\\/\\\/monatsem.com\\\/#\\\/schema\\\/logo\\\/image\\\/\"},\"sameAs\":[\"https:\\\/\\\/www.facebook.com\\\/people\\\/Monatsem\\\/61556720673329\\\/\",\"https:\\\/\\\/www.linkedin.com\\\/company\\\/monatsem\\\/\"]}]}<\/script>\n<!-- \/ Yoast SEO plugin. -->","yoast_head_json":{"title":"mentions l\u00e9gales","description":"Retrouvez les r\u00e8gles d'utilisation et les mentions l\u00e9gales du site","robots":{"index":"index","follow":"follow","max-snippet":"max-snippet:-1","max-image-preview":"max-image-preview:large","max-video-preview":"max-video-preview:-1"},"canonical":"https:\/\/monatsem.com\/?page_id=1965","og_locale":"fr_FR","og_type":"article","og_title":"mentions l\u00e9gales","og_description":"Retrouvez les r\u00e8gles d'utilisation et les mentions l\u00e9gales du site","og_url":"https:\/\/monatsem.com\/?page_id=1965","og_site_name":"MonAtsem - Formations en ligne pour ATSEM","article_publisher":"https:\/\/www.facebook.com\/people\/Monatsem\/61556720673329\/","article_modified_time":"2024-04-30T07:54:49+00:00","og_image":[{"width":233,"height":146,"url":"https:\/\/monatsem.com\/wp-content\/uploads\/2024\/04\/Logo-base-transp.png","type":"image\/png"}],"twitter_card":"summary_large_image","twitter_misc":{"Dur\u00e9e de lecture estim\u00e9e":"5 minutes"},"schema":{"@context":"https:\/\/schema.org","@graph":[{"@type":"WebPage","@id":"https:\/\/monatsem.com\/?page_id=1965","url":"https:\/\/monatsem.com\/?page_id=1965","name":"mentions l\u00e9gales","isPartOf":{"@id":"https:\/\/monatsem.com\/#website"},"datePublished":"2024-04-30T07:49:21+00:00","dateModified":"2024-04-30T07:54:49+00:00","description":"Retrouvez les r\u00e8gles d'utilisation et les mentions l\u00e9gales du site","breadcrumb":{"@id":"https:\/\/monatsem.com\/?page_id=1965#breadcrumb"},"inLanguage":"fr-FR","potentialAction":[{"@type":"ReadAction","target":["https:\/\/monatsem.com\/?page_id=1965"]}]},{"@type":"BreadcrumbList","@id":"https:\/\/monatsem.com\/?page_id=1965#breadcrumb","itemListElement":[{"@type":"ListItem","position":1,"name":"Accueil","item":"https:\/\/monatsem.com\/"},{"@type":"ListItem","position":2,"name":"Mentions l\u00e9gales"}]},{"@type":"WebSite","@id":"https:\/\/monatsem.com\/#website","url":"https:\/\/monatsem.com\/","name":"Mon Atsem.com - Des formations en ligne et des ressources pour les pratiques professionnelles des ATSEM et les structures de la petite enfance","description":"Des formations en ligne pour accompagner le m&eacute;tier des ATSEM","publisher":{"@id":"https:\/\/monatsem.com\/#organization"},"potentialAction":[{"@type":"SearchAction","target":{"@type":"EntryPoint","urlTemplate":"https:\/\/monatsem.com\/?s={search_term_string}"},"query-input":{"@type":"PropertyValueSpecification","valueRequired":true,"valueName":"search_term_string"}}],"inLanguage":"fr-FR"},{"@type":"Organization","@id":"https:\/\/monatsem.com\/#organization","name":"Mon Atsem","url":"https:\/\/monatsem.com\/","logo":{"@type":"ImageObject","inLanguage":"fr-FR","@id":"https:\/\/monatsem.com\/#\/schema\/logo\/image\/","url":"https:\/\/monatsem.com\/wp-content\/uploads\/2024\/04\/Logo-base-transp.png","contentUrl":"https:\/\/monatsem.com\/wp-content\/uploads\/2024\/04\/Logo-base-transp.png","width":233,"height":146,"caption":"Mon Atsem"},"image":{"@id":"https:\/\/monatsem.com\/#\/schema\/logo\/image\/"},"sameAs":["https:\/\/www.facebook.com\/people\/Monatsem\/61556720673329\/","https:\/\/www.linkedin.com\/company\/monatsem\/"]}]}},"_links":{"self":[{"href":"https:\/\/monatsem.com\/index.php?rest_route=\/wp\/v2\/pages\/1965","targetHints":{"allow":["GET"]}}],"collection":[{"href":"https:\/\/monatsem.com\/index.php?rest_route=\/wp\/v2\/pages"}],"about":[{"href":"https:\/\/monatsem.com\/index.php?rest_route=\/wp\/v2\/types\/page"}],"author":[{"embeddable":true,"href":"https:\/\/monatsem.com\/index.php?rest_route=\/wp\/v2\/users\/5"}],"replies":[{"embeddable":true,"href":"https:\/\/monatsem.com\/index.php?rest_route=%2Fwp%2Fv2%2Fcomments&post=1965"}],"version-history":[{"count":4,"href":"https:\/\/monatsem.com\/index.php?rest_route=\/wp\/v2\/pages\/1965\/revisions"}],"predecessor-version":[{"id":2092,"href":"https:\/\/monatsem.com\/index.php?rest_route=\/wp\/v2\/pages\/1965\/revisions\/2092"}],"wp:attachment":[{"href":"https:\/\/monatsem.com\/index.php?rest_route=%2Fwp%2Fv2%2Fmedia&parent=1965"}],"curies":[{"name":"wp","href":"https:\/\/api.w.org\/{rel}","templated":true}]}}